{"id":5051,"date":"2024-07-15T11:38:56","date_gmt":"2024-07-15T09:38:56","guid":{"rendered":"https:\/\/dag.uksw.edu.pl\/?page_id=5051"},"modified":"2026-03-19T10:14:03","modified_gmt":"2026-03-19T09:14:03","slug":"o-nas","status":"publish","type":"page","link":"https:\/\/dag.uksw.edu.pl\/o-nas\/","title":{"rendered":"O nas"},"content":{"rendered":"\n<h2 class=\"wp-block-heading\">Dzia\u0142 Administracyjno\u2013Gospodarczy<\/h2>\n\n\n\n<p><strong>Kierownik Dzia\u0142u Administracyjno-Gospodarczego:<\/strong><br><\/p>\n\n\n\n<p><strong>Zast\u0119pca Kierownika Dzia\u0142u Administracyjno-Gospodarczego: <\/strong><br><strong>mgr<\/strong> <strong>Agnieszka Raczkiewicz<\/strong> <strong>|<\/strong> <a href=\"mailto:a.raczkiewicz@uksw.edu.pl\">a.raczkiewicz@uksw.edu.pl<\/a><br>ul. Dewajtis 5, Stary Gmach, pok. 30<br>tel.&nbsp;22&nbsp;561 88 69 wew. 269<\/p>\n\n\n\n<p><strong>Zast\u0119pca Kierownika Dzia\u0142u Administracyjno-Gospodarczego:<\/strong><br><strong>Kampus W\u00f3ycickiego<\/strong><br><strong>mgr Lucyna \u0141o\u017cy\u0144ska |&nbsp;<\/strong><a href=\"mailto:l.lozynska@uksw.edu.pl\">l.lozynska@uksw.edu.pl<\/a><br>ul. W\u00f3ycickiego 1\/3, Budynek nr 21, pok. 118,<br>tel. kom. 502-453-354,<br>tel. 22 569 96 49, wew. 649<\/p>\n","protected":false},"excerpt":{"rendered":"<p>Dzia\u0142 Administracyjno\u2013Gospodarczy Kierownik Dzia\u0142u Administracyjno-Gospodarczego: Zast\u0119pca Kierownika Dzia\u0142u Administracyjno-Gospodarczego: mgr Agnieszka Raczkiewicz | a.raczkiewicz@uksw.edu.plul. Dewajtis 5, Stary Gmach, pok. 30tel.&nbsp;22&nbsp;561 88 69 wew. 269 Zast\u0119pca Kierownika Dzia\u0142u Administracyjno-Gospodarczego:Kampus W\u00f3ycickiegomgr Lucyna \u0141o\u017cy\u0144ska |&nbsp;l.lozynska@uksw.edu.plul. W\u00f3ycickiego 1\/3, Budynek nr 21, pok. 118,tel. kom. 502-453-354,tel. 22 569 96 49, wew. 649<\/p>\n","protected":false},"author":2,"featured_media":4408,"parent":0,"menu_order":1,"comment_status":"closed","ping_status":"closed","template":"page-templates\/template-sub-page.php","meta":{"_acf_changed":false,"inline_featured_image":false,"footnotes":"","_links_to":"","_links_to_target":""},"class_list":["post-5051","page","type-page","status-publish","has-post-thumbnail","hentry"],"acf":[],"_links":{"self":[{"href":"https:\/\/dag.uksw.edu.pl\/pl\/wp-json\/wp\/v2\/pages\/5051","targetHints":{"allow":["GET"]}}],"collection":[{"href":"https:\/\/dag.uksw.edu.pl\/pl\/wp-json\/wp\/v2\/pages"}],"about":[{"href":"https:\/\/dag.uksw.edu.pl\/pl\/wp-json\/wp\/v2\/types\/page"}],"author":[{"embeddable":true,"href":"https:\/\/dag.uksw.edu.pl\/pl\/wp-json\/wp\/v2\/users\/2"}],"replies":[{"embeddable":true,"href":"https:\/\/dag.uksw.edu.pl\/pl\/wp-json\/wp\/v2\/comments?post=5051"}],"version-history":[{"count":16,"href":"https:\/\/dag.uksw.edu.pl\/pl\/wp-json\/wp\/v2\/pages\/5051\/revisions"}],"predecessor-version":[{"id":5366,"href":"https:\/\/dag.uksw.edu.pl\/pl\/wp-json\/wp\/v2\/pages\/5051\/revisions\/5366"}],"wp:featuredmedia":[{"embeddable":true,"href":"https:\/\/dag.uksw.edu.pl\/pl\/wp-json\/wp\/v2\/media\/4408"}],"wp:attachment":[{"href":"https:\/\/dag.uksw.edu.pl\/pl\/wp-json\/wp\/v2\/media?parent=5051"}],"curies":[{"name":"wp","href":"https:\/\/api.w.org\/{rel}","templated":true}]}}