{"id":4107,"date":"2022-11-10T11:55:33","date_gmt":"2022-11-10T10:55:33","guid":{"rendered":"https:\/\/jednostki.uksw.edu.pl\/dag\/?page_id=4107"},"modified":"2026-02-04T13:45:49","modified_gmt":"2026-02-04T12:45:49","slug":"cenniki-2","status":"publish","type":"page","link":"https:\/\/dag.uksw.edu.pl\/cenniki-2\/","title":{"rendered":"Cenniki"},"content":{"rendered":"\n<h2 class=\"wp-block-heading\">Poni\u017cej znajduj\u0105 si\u0119 cenniki Dzia\u0142u Administracyjno-gospodarczego:<\/h2>\n\n\n\r\n<div class=\"\">\r\n\r\n\r\n<div class=\"row\">\r\n\r\n  \r\n<div class=\"col-xl-6 col-lg-12 col-md-12 col-sm-12 \">\r\n\t\t<div class=\"download_detils\">\r\n\t\t\t<a href=\"https:\/\/dag.uksw.edu.pl\/wp-content\/uploads\/sites\/19\/2023\/10\/1695208060_zal-2.pdf\"  title=\"Udost\u0119pnianie miejsc parkingowych (cennik dla pracownik\u00f3w i student\u00f3w UKSW)\" download >\r\n\t\t\t<img decoding=\"async\" src=\"https:\/\/dag.uksw.edu.pl\/wp-content\/themes\/uksw\/images\/import.svg\" alt=\"\"> Udost\u0119pnianie miejsc parkingowych (cennik dla pracownik\u00f3w i student\u00f3w UKSW) [PDF,  0.15 MB]<\/a>\r\n\t\t<\/div>\r\n<\/div>\r\n\r\n\r\n\t\t\r\n<div class=\"col-xl-6 col-lg-12 col-md-12 col-sm-12 \">\r\n\t\t<div class=\"download_detils\">\r\n\t\t\t<a href=\"https:\/\/dag.uksw.edu.pl\/wp-content\/uploads\/sites\/19\/2023\/01\/1669126057_zal-4-do-regulaminu-cennik-podm-zewnetrze.pdf\"  title=\"Udost\u0119pnianie miejsc parkingowych (cennik dla podmiot\u00f3w zewn\u0119trznych)\" download >\r\n\t\t\t<img decoding=\"async\" src=\"https:\/\/dag.uksw.edu.pl\/wp-content\/themes\/uksw\/images\/import.svg\" alt=\"\"> Udost\u0119pnianie miejsc parkingowych (cennik dla podmiot\u00f3w zewn\u0119trznych) [PDF,  0.04 MB]<\/a>\r\n\t\t<\/div>\r\n<\/div>\r\n\r\n\r\n\t\t\r\n\t\t \r\n\r\n<\/div>\r\n<\/div>\r\n<div class=\"space20\"><\/div>\r\n\r\n\n\n\n<p><\/p>\n\n\n\n<p><\/p>\n\n\n\r\n<div class=\"\">\r\n\r\n\r\n<div class=\"row\">\r\n\r\n  \r\n<div class=\"col-xl-12 col-lg-12 col-md-12 col-sm-12 \">\r\n\t\t<div class=\"download_detils\">\r\n\t\t\t<a href=\"https:\/\/dag.uksw.edu.pl\/wp-content\/uploads\/sites\/19\/2023\/10\/Regulamin.pdf\"  title=\"Regulamin wjazdu i parkowania na terenie UKSW\" download >\r\n\t\t\t<img decoding=\"async\" src=\"https:\/\/dag.uksw.edu.pl\/wp-content\/themes\/uksw\/images\/import.svg\" alt=\"\"> Regulamin wjazdu i parkowania na terenie UKSW [PDF,  0.17 MB]<\/a>\r\n\t\t<\/div>\r\n<\/div>\r\n\r\n\r\n\t\t\r\n\t\t \r\n\r\n<\/div>\r\n<\/div>\r\n<div class=\"space20\"><\/div>\r\n\r\n\n\n\n<p><strong>* jednorazowa kaucja zwrotna na wypadek zgubienia lub zniszczenia u\u017cyczonego urz\u0105dzenia dost\u0119powego &#8211; 80,00 z\u0142 (niezale\u017cnie od kategorii u\u017cytkownika)<\/strong><\/p>\n\n\n\n<div style=\"height:20px\" aria-hidden=\"true\" class=\"wp-block-spacer\"><\/div>\n\n\n\r\n<div class=\"\">\r\n\r\n\r\n<div class=\"row\">\r\n\r\n  \r\n<div class=\"col-xl-12 col-lg-12 col-md-12 col-sm-12 \">\r\n\t\t<div class=\"download_detils\">\r\n\t\t\t<a href=\"https:\/\/dag.uksw.edu.pl\/wp-content\/uploads\/sites\/19\/2026\/01\/woda_26.pdf\"  title=\"Cennik woda\" download >\r\n\t\t\t<img decoding=\"async\" src=\"https:\/\/dag.uksw.edu.pl\/wp-content\/themes\/uksw\/images\/import.svg\" alt=\"\"> Cennik woda [PDF,  0.47 MB]<\/a>\r\n\t\t<\/div>\r\n<\/div>\r\n\r\n\r\n\t\t\r\n<div class=\"col-xl-12 col-lg-12 col-md-12 col-sm-12 \">\r\n\t\t<div class=\"download_detils\">\r\n\t\t\t<a href=\"https:\/\/dag.uksw.edu.pl\/wp-content\/uploads\/sites\/19\/2026\/01\/art_biurowe_26.pdf\"  title=\"Cennik artyku\u0142y biurowe\" download >\r\n\t\t\t<img decoding=\"async\" src=\"https:\/\/dag.uksw.edu.pl\/wp-content\/themes\/uksw\/images\/import.svg\" alt=\"\"> Cennik artyku\u0142y biurowe [PDF,  0.33 MB]<\/a>\r\n\t\t<\/div>\r\n<\/div>\r\n\r\n\r\n\t\t\r\n<div class=\"col-xl-12 col-lg-12 col-md-12 col-sm-12 \">\r\n\t\t<div class=\"download_detils\">\r\n\t\t\t<a href=\"https:\/\/dag.uksw.edu.pl\/wp-content\/uploads\/sites\/19\/2023\/11\/cennik_tonery_2023.pdf\"  title=\"Cennik tonery\" download >\r\n\t\t\t<img decoding=\"async\" src=\"https:\/\/dag.uksw.edu.pl\/wp-content\/themes\/uksw\/images\/import.svg\" alt=\"\"> Cennik tonery [PDF,  0.42 MB]<\/a>\r\n\t\t<\/div>\r\n<\/div>\r\n\r\n\r\n\t\t\r\n<div class=\"col-xl-12 col-lg-12 col-md-12 col-sm-12 \">\r\n\t\t<div class=\"download_detils\">\r\n\t\t\t<a href=\"https:\/\/dag.uksw.edu.pl\/wp-content\/uploads\/sites\/19\/2026\/02\/sr_czystosci_26.pdf\"  title=\"Cennik \u015brodki czysto\u015bci\" download >\r\n\t\t\t<img decoding=\"async\" src=\"https:\/\/dag.uksw.edu.pl\/wp-content\/themes\/uksw\/images\/import.svg\" alt=\"\"> Cennik \u015brodki czysto\u015bci [PDF,  0.76 MB]<\/a>\r\n\t\t<\/div>\r\n<\/div>\r\n\r\n\r\n\t\t\r\n<div class=\"col-xl-12 col-lg-12 col-md-12 col-sm-12 \">\r\n\t\t<div class=\"download_detils\">\r\n\t\t\t<a href=\"https:\/\/dag.uksw.edu.pl\/wp-content\/uploads\/sites\/19\/2025\/03\/1741875859_zal-1.pdf\"  title=\"Cennik op\u0142at za udost\u0119pnienie obiekt\u00f3w UKSW\" download >\r\n\t\t\t<img decoding=\"async\" src=\"https:\/\/dag.uksw.edu.pl\/wp-content\/themes\/uksw\/images\/import.svg\" alt=\"\"> Cennik op\u0142at za udost\u0119pnienie obiekt\u00f3w UKSW [PDF,  0.22 MB]<\/a>\r\n\t\t<\/div>\r\n<\/div>\r\n\r\n\r\n\t\t\r\n<div class=\"col-xl-12 col-lg-12 col-md-12 col-sm-12 \">\r\n\t\t<div class=\"download_detils\">\r\n\t\t\t<a href=\"https:\/\/dag.uksw.edu.pl\/wp-content\/uploads\/sites\/19\/2023\/03\/DECYZJA_1677145939_d-19-20231.pdf\"  title=\"Cennik op\u0142at za udost\u0119pnienie pomieszcze\u0144 na potrzeby realizacji projekt\u00f3w\" download >\r\n\t\t\t<img decoding=\"async\" src=\"https:\/\/dag.uksw.edu.pl\/wp-content\/themes\/uksw\/images\/import.svg\" alt=\"\"> Cennik op\u0142at za udost\u0119pnienie pomieszcze\u0144 na potrzeby realizacji projekt\u00f3w [PDF,  0.12 MB]<\/a>\r\n\t\t<\/div>\r\n<\/div>\r\n\r\n\r\n\t\t\r\n<div class=\"col-xl-12 col-lg-12 col-md-12 col-sm-12 \">\r\n\t\t<div class=\"download_detils\">\r\n\t\t\t<a href=\"https:\/\/dag.uksw.edu.pl\/wp-content\/uploads\/sites\/19\/2024\/09\/cennik-Poczta-Polska.pdf\"  title=\"Cennik wysy\u0142ania list\u00f3w\" download >\r\n\t\t\t<img decoding=\"async\" src=\"https:\/\/dag.uksw.edu.pl\/wp-content\/themes\/uksw\/images\/import.svg\" alt=\"\"> Cennik wysy\u0142ania list\u00f3w [PDF,  1.46 MB]<\/a>\r\n\t\t<\/div>\r\n<\/div>\r\n\r\n\r\n\t\t\r\n<div class=\"col-xl-12 col-lg-12 col-md-12 col-sm-12 \">\r\n\t\t<div class=\"download_detils\">\r\n\t\t\t<a href=\"https:\/\/dag.uksw.edu.pl\/wp-content\/uploads\/sites\/19\/2022\/11\/Kurier.pdf\"  title=\"Cennik us\u0142ugi kurierskiej\" download >\r\n\t\t\t<img decoding=\"async\" src=\"https:\/\/dag.uksw.edu.pl\/wp-content\/themes\/uksw\/images\/import.svg\" alt=\"\"> Cennik us\u0142ugi kurierskiej [PDF,  1.40 MB]<\/a>\r\n\t\t<\/div>\r\n<\/div>\r\n\r\n\r\n\t\t\r\n<div class=\"col-xl-12 col-lg-12 col-md-12 col-sm-12 \">\r\n\t\t<div class=\"download_detils\">\r\n\t\t\t<a href=\"https:\/\/dag.uksw.edu.pl\/wp-content\/uploads\/sites\/19\/2025\/03\/cennik_wars_25.pdf\"  title=\"Cennik catering\" download >\r\n\t\t\t<img decoding=\"async\" src=\"https:\/\/dag.uksw.edu.pl\/wp-content\/themes\/uksw\/images\/import.svg\" alt=\"\"> Cennik catering [PDF,  0.28 MB]<\/a>\r\n\t\t<\/div>\r\n<\/div>\r\n\r\n\r\n\t\t\r\n\t\t \r\n\r\n<\/div>\r\n<\/div>\r\n<div class=\"space20\"><\/div>\r\n\r\n","protected":false},"excerpt":{"rendered":"<p>Poni\u017cej znajduj\u0105 si\u0119 cenniki Dzia\u0142u Administracyjno-gospodarczego: * jednorazowa kaucja zwrotna na wypadek zgubienia lub zniszczenia u\u017cyczonego urz\u0105dzenia dost\u0119powego &#8211; 80,00 z\u0142 (niezale\u017cnie od kategorii u\u017cytkownika)<\/p>\n","protected":false},"author":1,"featured_media":4409,"parent":0,"menu_order":0,"comment_status":"closed","ping_status":"closed","template":"page-templates\/template-sub-page.php","meta":{"_acf_changed":false,"inline_featured_image":false,"footnotes":"","_links_to":"","_links_to_target":""},"class_list":["post-4107","page","type-page","status-publish","has-post-thumbnail","hentry"],"acf":[],"_links":{"self":[{"href":"https:\/\/dag.uksw.edu.pl\/pl\/wp-json\/wp\/v2\/pages\/4107","targetHints":{"allow":["GET"]}}],"collection":[{"href":"https:\/\/dag.uksw.edu.pl\/pl\/wp-json\/wp\/v2\/pages"}],"about":[{"href":"https:\/\/dag.uksw.edu.pl\/pl\/wp-json\/wp\/v2\/types\/page"}],"author":[{"embeddable":true,"href":"https:\/\/dag.uksw.edu.pl\/pl\/wp-json\/wp\/v2\/users\/1"}],"replies":[{"embeddable":true,"href":"https:\/\/dag.uksw.edu.pl\/pl\/wp-json\/wp\/v2\/comments?post=4107"}],"version-history":[{"count":74,"href":"https:\/\/dag.uksw.edu.pl\/pl\/wp-json\/wp\/v2\/pages\/4107\/revisions"}],"predecessor-version":[{"id":5331,"href":"https:\/\/dag.uksw.edu.pl\/pl\/wp-json\/wp\/v2\/pages\/4107\/revisions\/5331"}],"wp:featuredmedia":[{"embeddable":true,"href":"https:\/\/dag.uksw.edu.pl\/pl\/wp-json\/wp\/v2\/media\/4409"}],"wp:attachment":[{"href":"https:\/\/dag.uksw.edu.pl\/pl\/wp-json\/wp\/v2\/media?parent=4107"}],"curies":[{"name":"wp","href":"https:\/\/api.w.org\/{rel}","templated":true}]}}