{"id":4092,"date":"2022-11-10T11:39:25","date_gmt":"2022-11-10T10:39:25","guid":{"rendered":"https:\/\/jednostki.uksw.edu.pl\/dag\/?page_id=4092"},"modified":"2026-02-09T10:13:20","modified_gmt":"2026-02-09T09:13:20","slug":"druki-i-formularze","status":"publish","type":"page","link":"https:\/\/dag.uksw.edu.pl\/druki-i-formularze\/","title":{"rendered":"Druki i formularze"},"content":{"rendered":"\r\n<div class=\"\">\r\n\r\n\r\n<div class=\"row\">\r\n\r\n  \r\n<div class=\"col-xl-12 col-lg-12 col-md-12 col-sm-12 \">\r\n\t\t<div class=\"download_detils\">\r\n\t\t\t<a href=\"https:\/\/dag.uksw.edu.pl\/wp-content\/uploads\/sites\/19\/2022\/11\/wniosek-o-udostepnienie-powierzchni.doc\"  title=\"Wniosek o udost\u0119pnienie lokalu\/powierzchni w obiektach UKSW\" download >\r\n\t\t\t<img decoding=\"async\" src=\"https:\/\/dag.uksw.edu.pl\/wp-content\/themes\/uksw\/images\/import.svg\" alt=\"\"> Wniosek o udost\u0119pnienie lokalu\/powierzchni w obiektach UKSW [DOC,  0.02 MB]<\/a>\r\n\t\t<\/div>\r\n<\/div>\r\n\r\n\r\n\t\t\r\n<div class=\"col-xl-12 col-lg-12 col-md-12 col-sm-12 \">\r\n\t\t<div class=\"download_detils\">\r\n\t\t\t<a href=\"https:\/\/dag.uksw.edu.pl\/wp-content\/uploads\/sites\/19\/2023\/11\/zal-1-do-zarz-109-20232.pdf\"  title=\"Wniosek o udost\u0119pnienie miejsca parkingowego\" download >\r\n\t\t\t<img decoding=\"async\" src=\"https:\/\/dag.uksw.edu.pl\/wp-content\/themes\/uksw\/images\/import.svg\" alt=\"\"> Wniosek o udost\u0119pnienie miejsca parkingowego [PDF,  0.13 MB]<\/a>\r\n\t\t<\/div>\r\n<\/div>\r\n\r\n\r\n\t\t\r\n<div class=\"col-xl-12 col-lg-12 col-md-12 col-sm-12 \">\r\n\t\t<div class=\"download_detils\">\r\n\t\t\t<a href=\"https:\/\/dag.uksw.edu.pl\/wp-content\/uploads\/sites\/19\/2022\/11\/protokol_zwrotu_pilota_0.doc\"  title=\"Protok\u00f3\u0142 zwrotu pilota\" download >\r\n\t\t\t<img decoding=\"async\" src=\"https:\/\/dag.uksw.edu.pl\/wp-content\/themes\/uksw\/images\/import.svg\" alt=\"\"> Protok\u00f3\u0142 zwrotu pilota [DOC,  0.02 MB]<\/a>\r\n\t\t<\/div>\r\n<\/div>\r\n\r\n\r\n\t\t\r\n<div class=\"col-xl-12 col-lg-12 col-md-12 col-sm-12 \">\r\n\t\t<div class=\"download_detils\">\r\n\t\t\t<a href=\"https:\/\/dag.uksw.edu.pl\/wp-content\/uploads\/sites\/19\/2026\/02\/zal-do-d-kan-3-2026-zapotrzebowanie-do-6500.pdf\"  title=\"Zapotrzebowanie na realizacj\u0119 zam\u00f3wie\u0144 do kwoty 6 500,00 z\u0142 netto, nieprzekraczaj\u0105cych jednostkowej ceny netto 1 500,00 z\u0142\" download >\r\n\t\t\t<img decoding=\"async\" src=\"https:\/\/dag.uksw.edu.pl\/wp-content\/themes\/uksw\/images\/import.svg\" alt=\"\"> Zapotrzebowanie na realizacj\u0119 zam\u00f3wie\u0144 do kwoty 6 500,00 z\u0142 netto,\nnieprzekraczaj\u0105cych jednostkowej ceny netto 1 500,00 z\u0142 [PDF,  0.12 MB]<\/a>\r\n\t\t<\/div>\r\n<\/div>\r\n\r\n\r\n\t\t\r\n<div class=\"col-xl-12 col-lg-12 col-md-12 col-sm-12 \">\r\n\t\t<div class=\"download_detils\">\r\n\t\t\t<a href=\"https:\/\/dag.uksw.edu.pl\/wp-content\/uploads\/sites\/19\/2023\/01\/zapotrzebowanie_pieczec.doc\"  title=\"Zapotrzebowanie na piecz\u0119cie\" download >\r\n\t\t\t<img decoding=\"async\" src=\"https:\/\/dag.uksw.edu.pl\/wp-content\/themes\/uksw\/images\/import.svg\" alt=\"\"> Zapotrzebowanie na piecz\u0119cie [DOC,  0.04 MB]<\/a>\r\n\t\t<\/div>\r\n<\/div>\r\n\r\n\r\n\t\t\r\n<div class=\"col-xl-12 col-lg-12 col-md-12 col-sm-12 \">\r\n\t\t<div class=\"download_detils\">\r\n\t\t\t<a href=\"https:\/\/dag.uksw.edu.pl\/wp-content\/uploads\/sites\/19\/2023\/04\/Zal_Dec_Nr_37_2023_Kanclerza_UKSW.docx\"  title=\"Formularz do opisu faktur - Opis dowodu ksi\u0119gowego\" download >\r\n\t\t\t<img decoding=\"async\" src=\"https:\/\/dag.uksw.edu.pl\/wp-content\/themes\/uksw\/images\/import.svg\" alt=\"\"> Formularz do opisu faktur &#8211; Opis dowodu ksi\u0119gowego [DOCX,  0.02 MB]<\/a>\r\n\t\t<\/div>\r\n<\/div>\r\n\r\n\r\n\t\t\r\n<div class=\"col-xl-12 col-lg-12 col-md-12 col-sm-12 \">\r\n\t\t<div class=\"download_detils\">\r\n\t\t\t<a href=\"https:\/\/dag.uksw.edu.pl\/wp-content\/uploads\/sites\/19\/2022\/11\/Dowod_wewnetrzny.doc\"  title=\"Dow\u00f3d Wewn\u0119trzny\" download >\r\n\t\t\t<img decoding=\"async\" src=\"https:\/\/dag.uksw.edu.pl\/wp-content\/themes\/uksw\/images\/import.svg\" alt=\"\"> Dow\u00f3d Wewn\u0119trzny [DOC,  0.03 MB]<\/a>\r\n\t\t<\/div>\r\n<\/div>\r\n\r\n\r\n\t\t\r\n<div class=\"col-xl-12 col-lg-12 col-md-12 col-sm-12 \">\r\n\t\t<div class=\"download_detils\">\r\n\t\t\t<a href=\"https:\/\/dag.uksw.edu.pl\/wp-content\/uploads\/sites\/19\/2022\/11\/REWERS-WEW.pdf\"  title=\"Rewers wewn\u0119trzny (wewn\u0105trz jednostek UKSW)\" download >\r\n\t\t\t<img decoding=\"async\" src=\"https:\/\/dag.uksw.edu.pl\/wp-content\/themes\/uksw\/images\/import.svg\" alt=\"\"> Rewers wewn\u0119trzny (wewn\u0105trz jednostek UKSW) [PDF,  0.03 MB]<\/a>\r\n\t\t<\/div>\r\n<\/div>\r\n\r\n\r\n\t\t\r\n<div class=\"col-xl-12 col-lg-12 col-md-12 col-sm-12 \">\r\n\t\t<div class=\"download_detils\">\r\n\t\t\t<a href=\"https:\/\/dag.uksw.edu.pl\/wp-content\/uploads\/sites\/19\/2022\/11\/REWERS-ZEW.pdf\"  title=\"Rewers zewn\u0119trzny (podmiotom spoza UKSW)\" download >\r\n\t\t\t<img decoding=\"async\" src=\"https:\/\/dag.uksw.edu.pl\/wp-content\/themes\/uksw\/images\/import.svg\" alt=\"\"> Rewers zewn\u0119trzny (podmiotom spoza UKSW) [PDF,  0.03 MB]<\/a>\r\n\t\t<\/div>\r\n<\/div>\r\n\r\n\r\n\t\t\r\n<div class=\"col-xl-12 col-lg-12 col-md-12 col-sm-12 \">\r\n\t\t<div class=\"download_detils\">\r\n\t\t\t<a href=\"https:\/\/dag.uksw.edu.pl\/wp-content\/uploads\/sites\/19\/2025\/03\/wzor_zam_catering_25.xls\"  title=\"Zam\u00f3wienie na wykonanie us\u0142ugi cateringowej \" download >\r\n\t\t\t<img decoding=\"async\" src=\"https:\/\/dag.uksw.edu.pl\/wp-content\/themes\/uksw\/images\/import.svg\" alt=\"\"> Zam\u00f3wienie na wykonanie us\u0142ugi cateringowej  [XLS,  0.04 MB]<\/a>\r\n\t\t<\/div>\r\n<\/div>\r\n\r\n\r\n\t\t\r\n<div class=\"col-xl-12 col-lg-12 col-md-12 col-sm-12 \">\r\n\t\t<div class=\"download_detils\">\r\n\t\t\t<a href=\"https:\/\/dag.uksw.edu.pl\/wp-content\/uploads\/sites\/19\/2024\/03\/zal-do-Dec-Kanclerza-9_2024.docx\"  title=\"Zam\u00f3wienie na zakup biletu lotniczego\" download >\r\n\t\t\t<img decoding=\"async\" src=\"https:\/\/dag.uksw.edu.pl\/wp-content\/themes\/uksw\/images\/import.svg\" alt=\"\"> Zam\u00f3wienie na zakup biletu lotniczego [DOCX,  0.03 MB]<\/a>\r\n\t\t<\/div>\r\n<\/div>\r\n\r\n\r\n\t\t\r\n\t\t \r\n\r\n<\/div>\r\n<\/div>\r\n<div class=\"space20\"><\/div>\r\n\r\n","protected":false},"excerpt":{"rendered":"","protected":false},"author":1,"featured_media":4411,"parent":0,"menu_order":0,"comment_status":"closed","ping_status":"closed","template":"page-templates\/template-sub-page.php","meta":{"_acf_changed":false,"inline_featured_image":false,"footnotes":"","_links_to":"","_links_to_target":""},"class_list":["post-4092","page","type-page","status-publish","has-post-thumbnail","hentry"],"acf":[],"_links":{"self":[{"href":"https:\/\/dag.uksw.edu.pl\/pl\/wp-json\/wp\/v2\/pages\/4092","targetHints":{"allow":["GET"]}}],"collection":[{"href":"https:\/\/dag.uksw.edu.pl\/pl\/wp-json\/wp\/v2\/pages"}],"about":[{"href":"https:\/\/dag.uksw.edu.pl\/pl\/wp-json\/wp\/v2\/types\/page"}],"author":[{"embeddable":true,"href":"https:\/\/dag.uksw.edu.pl\/pl\/wp-json\/wp\/v2\/users\/1"}],"replies":[{"embeddable":true,"href":"https:\/\/dag.uksw.edu.pl\/pl\/wp-json\/wp\/v2\/comments?post=4092"}],"version-history":[{"count":58,"href":"https:\/\/dag.uksw.edu.pl\/pl\/wp-json\/wp\/v2\/pages\/4092\/revisions"}],"predecessor-version":[{"id":5338,"href":"https:\/\/dag.uksw.edu.pl\/pl\/wp-json\/wp\/v2\/pages\/4092\/revisions\/5338"}],"wp:featuredmedia":[{"embeddable":true,"href":"https:\/\/dag.uksw.edu.pl\/pl\/wp-json\/wp\/v2\/media\/4411"}],"wp:attachment":[{"href":"https:\/\/dag.uksw.edu.pl\/pl\/wp-json\/wp\/v2\/media?parent=4092"}],"curies":[{"name":"wp","href":"https:\/\/api.w.org\/{rel}","templated":true}]}}