{"id":4070,"date":"2022-11-10T11:22:31","date_gmt":"2022-11-10T10:22:31","guid":{"rendered":"https:\/\/jednostki.uksw.edu.pl\/dag\/?page_id=4070"},"modified":"2024-12-12T12:44:01","modified_gmt":"2024-12-12T11:44:01","slug":"sekcja-gospodarcza","status":"publish","type":"page","link":"https:\/\/dag.uksw.edu.pl\/sekcja-gospodarcza\/","title":{"rendered":"Sekcja gospodarcza"},"content":{"rendered":"\r\n<div class=\"\">\r\n\r\n<div class=\"row\">\r\n\r\n  \r\n\r\n\r\n     <div class=\"col-xl-12 col-lg-6 col-md-12 col-sm-12 project\">\r\n\t\t\t<div class=\"contact_box project_box\">\r\n\t\t\t<div class=\"headingh2\">Agnieszka Gregorczyk<\/div>\r\n\t\t\t<div class=\"headingh3\"><\/div><br>\r\n\r\n\r\n\t\t\t<p><a href=\"mailto:a.gregorczyk@uksw.edu.pl\">a.gregorczyk@uksw.edu.pl<\/a><br \/>\nul. Dewajtis 5, Stary Gmach, pok. 17<br \/>\ntel. 22\u00a0561 89 66 wew. 366<\/p>\n\t\t\t<\/div>\r\n    <\/div>\r\n\r\n\t\r\n\t \r\n\r\n\r\n<\/div>\r\n  \r\n<\/div>\r\n\n\n\n<p><strong>Prowadzenie spraw dotycz\u0105cych:<\/strong><\/p>\n\n\n\n<ul class=\"wp-block-list\">\n<li>dokonywania drobnych zakup\u00f3w bie\u017c\u0105cych materia\u0142\u00f3w i wyposa\u017cenia<\/li>\n\n\n\n<li>zamawianie us\u0142ugi cateringowej<\/li>\n\n\n\n<li>organizacji transportu i przewoz\u00f3w autokarowych zleconych przez UKSW oraz ubezpiecze\u0144<br>uczestnik\u00f3w w czasie przejazdu<\/li>\n<\/ul>\n\n\n\n<hr class=\"wp-block-separator has-alpha-channel-opacity is-style-wide\" \/>\n\n\n\n<div style=\"height:20px\" aria-hidden=\"true\" class=\"wp-block-spacer\"><\/div>\n\n\n\r\n<div class=\"\">\r\n\r\n<div class=\"row\">\r\n\r\n  \r\n\r\n\r\n     <div class=\"col-xl-12 col-lg-6 col-md-12 col-sm-12 project\">\r\n\t\t\t<div class=\"contact_box project_box\">\r\n\t\t\t<div class=\"headingh2\">Bo\u017cena Pa\u0142dyna<\/div>\r\n\t\t\t<div class=\"headingh3\"><\/div><br>\r\n\r\n\r\n\t\t\t<p><a href=\"mailto:b.paldyna@uksw.edu.pl\">b.paldyna@uksw.edu.pl<\/a><br \/>\nul. Dewajtis 5,\u00a0Stary Gmach, pok. 17<br \/>\ntel. 22\u00a0569 96 99 wew. 699<\/p>\n\t\t\t<\/div>\r\n    <\/div>\r\n\r\n\t\r\n\t \r\n\r\n\r\n<\/div>\r\n  \r\n<\/div>\r\n\n\n\n<p><strong>Prowadzenie spraw dotycz\u0105cych:<\/strong><\/p>\n\n\n\n<ul class=\"wp-block-list\">\n<li>zamawiania i ewidencji piecz\u0119ci<\/li>\n\n\n\n<li>rezerwacja bilet\u00f3w lotniczych<\/li>\n<\/ul>\n\n\n\n<hr class=\"wp-block-separator has-alpha-channel-opacity is-style-wide\" \/>\n\n\n\n<div style=\"height:20px\" aria-hidden=\"true\" class=\"wp-block-spacer\"><\/div>\n\n\n\r\n<div class=\"\">\r\n\r\n<div class=\"row\">\r\n\r\n  \r\n\r\n\r\n     <div class=\"col-xl-12 col-lg-6 col-md-12 col-sm-12 project\">\r\n\t\t\t<div class=\"contact_box project_box\">\r\n\t\t\t<div class=\"headingh2\">JUSTYNA CZAJKOWSKA<\/div>\r\n\t\t\t<div class=\"headingh3\"><\/div><br>\r\n\r\n\r\n\t\t\t<p><a href=\"j.czajkowska@uksw.edu.pl\">j.czajkowska@uksw.edu.pl<\/a><br \/>\nul. Dewajtis 5, Stary Gmach, pok. 17<br \/>\ntel. 22\u00a0561 89 29 wew. 329<\/p>\n\t\t\t<\/div>\r\n    <\/div>\r\n\r\n\t\r\n\t \r\n\r\n\r\n<\/div>\r\n  \r\n<\/div>\r\n\n\n\n<p id=\"kancelaria\"><strong>Prowadzenie spraw dotycz\u0105cych:<\/strong><\/p>\n\n\n\n<ul class=\"wp-block-list\">\n<li>zam\u00f3wienia na dostaw\u0119 artyku\u0142\u00f3w biurowych<\/li>\n\n\n\n<li>zam\u00f3wienia na dostaw\u0119 toner\u00f3w<\/li>\n\n\n\n<li>zam\u00f3wienia na dostaw\u0119 wody<\/li>\n\n\n\n<li>zam\u00f3wienia na dostaw\u0119 \u015brodk\u00f3w czysto\u015bci<\/li>\n<\/ul>\n\n\n\n<hr class=\"wp-block-separator has-alpha-channel-opacity is-style-wide\" \/>\n\n\n\n<div style=\"height:20px\" aria-hidden=\"true\" class=\"wp-block-spacer\"><\/div>\n\n\n\r\n<div class=\"\">\r\n\r\n<div class=\"row\">\r\n\r\n  \r\n\r\n\r\n     <div class=\"col-xl-12 col-lg-6 col-md-12 col-sm-12 project\">\r\n\t\t\t<div class=\"contact_box project_box\">\r\n\t\t\t<div class=\"headingh2\">Kancelaria UKSW<\/div>\r\n\t\t\t<div class=\"headingh3\"><\/div><br>\r\n\r\n\r\n\t\t\t<p><a href=\"mailto:k.ogolna@uksw.edu.pl\">k.ogolna@uksw.edu.pl<\/a><\/p>\n\t\t\t<\/div>\r\n    <\/div>\r\n\r\n\t\r\n\t \r\n\r\n\r\n<\/div>\r\n  \r\n<\/div>\r\n\n\n\n<p>Realizacja zada\u0144 w zakresie:<\/p>\n\n\n\n<ul class=\"wp-block-list\">\n<li>obs\u0142ugi kancelaryjnej i pocztowej UKSW<\/li>\n\n\n\n<li>kolporta\u017cu prasy krajowej<\/li>\n<\/ul>\n\n\n\n<hr class=\"wp-block-separator has-alpha-channel-opacity is-style-wide\" \/>\n\n\n\n<div style=\"height:20px\" aria-hidden=\"true\" class=\"wp-block-spacer\"><\/div>\n\n\n\n<h2 class=\"wp-block-heading\">Teren Dewajtis<\/h2>\n\n\n\r\n<div class=\"\">\r\n\r\n<div class=\"row\">\r\n\r\n  \r\n\r\n\r\n     <div class=\"col-xl-4 col-lg-6 col-md-12 col-sm-12 project\">\r\n\t\t\t<div class=\"contact_box project_box\">\r\n\t\t\t<div class=\"headingh2\">Dariusz Muszy\u0144ski<\/div>\r\n\t\t\t<div class=\"headingh3\"><\/div><br>\r\n\r\n\r\n\t\t\t<p><a href=\"mailto:d.muszynski@uksw.edu.pl\">d.muszynski@uksw.edu.pl<\/a><br \/>\nul. Dewajtis 5, Nowy Gmach, pok. 121<br \/>\ntel. 22\u00a0561 88 49 wew. 249<\/p>\n\t\t\t<\/div>\r\n    <\/div>\r\n\r\n\t\r\n\r\n\r\n     <div class=\"col-xl-4 col-lg-6 col-md-12 col-sm-12 project\">\r\n\t\t\t<div class=\"contact_box project_box\">\r\n\t\t\t<div class=\"headingh2\">Maria Bogusz<\/div>\r\n\t\t\t<div class=\"headingh3\"><\/div><br>\r\n\r\n\r\n\t\t\t<p><a href=\"mailto:m.bogusz@uksw.edu.pl\">m.bogusz@uksw.edu.pl<\/a><br \/>\nul. Dewajtis 5, Nowy Gmach, pok. 121<br \/>\ntel. 22\u00a0561 88 64 wew. 264<\/p>\n\t\t\t<\/div>\r\n    <\/div>\r\n\r\n\t\r\n\r\n\r\n     <div class=\"col-xl-4 col-lg-6 col-md-12 col-sm-12 project\">\r\n\t\t\t<div class=\"contact_box project_box\">\r\n\t\t\t<div class=\"headingh2\">Krystyna Piotrowska<\/div>\r\n\t\t\t<div class=\"headingh3\"><\/div><br>\r\n\r\n\r\n\t\t\t<p><a href=\"mailto:k.piotrowska@uksw.edu.pl\">k.piotrowska@uksw.edu.pl<\/a><br \/>\nul. Dewajtis 5, Nowy Gmach, pok. 121<br \/>\ntel. 22\u00a0561 88 02 wew. 202<\/p>\n\t\t\t<\/div>\r\n    <\/div>\r\n\r\n\t\r\n\t \r\n\r\n\r\n<\/div>\r\n  \r\n<\/div>\r\n\n\n\n<hr class=\"wp-block-separator has-alpha-channel-opacity is-style-wide\" \/>\n\n\n\n<div style=\"height:20px\" aria-hidden=\"true\" class=\"wp-block-spacer\"><\/div>\n\n\n\n<h2 class=\"wp-block-heading\">Teren W\u00f3ycickiego<\/h2>\n\n\n\r\n<div class=\"\">\r\n\r\n<div class=\"row\">\r\n\r\n  \r\n\r\n\r\n     <div class=\"col-xl-6 col-lg-6 col-md-12 col-sm-12 project\">\r\n\t\t\t<div class=\"contact_box project_box\">\r\n\t\t\t<div class=\"headingh2\">Bart\u0142omiej Zaszewski<\/div>\r\n\t\t\t<div class=\"headingh3\"><\/div><br>\r\n\r\n\r\n\t\t\t<p><a href=\"mailto:b.zaszewski@uksw.edu.pl\">b.zaszewski@uksw.edu.pl<\/a><br \/>\nul. W\u00f3ycickiego 1\/3, Budynek nr 21, pok. 222<br \/>\ntel. 22\u00a0569 68 34 wew. 834<\/p>\n\t\t\t<\/div>\r\n    <\/div>\r\n\r\n\t\r\n\r\n\r\n     <div class=\"col-xl-6 col-lg-6 col-md-12 col-sm-12 project\">\r\n\t\t\t<div class=\"contact_box project_box\">\r\n\t\t\t<div class=\"headingh2\">Lucyna Dunaj <\/div>\r\n\t\t\t<div class=\"headingh3\"><\/div><br>\r\n\r\n\r\n\t\t\t<p><a href=\"mailto:l.dunaj@uksw.edu.pl\">l.dunaj@uksw.edu.pl<\/a><br \/>\nul. W\u00f3ycickiego 1\/3, Budynek nr 21, pok. 222<br \/>\ntel. 22\u00a0569 68 36 wew. 836<\/p>\n\t\t\t<\/div>\r\n    <\/div>\r\n\r\n\t\r\n\t \r\n\r\n\r\n<\/div>\r\n  \r\n<\/div>\r\n\n\n\n<hr class=\"wp-block-separator has-alpha-channel-opacity is-style-wide\" \/>\n\n\n\n<div style=\"height:20px\" aria-hidden=\"true\" class=\"wp-block-spacer\"><\/div>\n\n\n\n<h2 class=\"wp-block-heading\">Kierowcy<\/h2>\n\n\n\r\n<div class=\"\">\r\n\r\n<div class=\"row\">\r\n\r\n  \r\n\r\n\r\n     <div class=\"col-xl-6 col-lg-6 col-md-12 col-sm-12 project\">\r\n\t\t\t<div class=\"contact_box project_box\">\r\n\t\t\t<div class=\"headingh2\">Micha\u0142 Jendrasik<\/div>\r\n\t\t\t<div class=\"headingh3\"><\/div><br>\r\n\r\n\r\n\t\t\t<p>tel kom. 515\u00a0088\u00a0349<\/p>\n\t\t\t<\/div>\r\n    <\/div>\r\n\r\n\t\r\n\r\n\r\n     <div class=\"col-xl-6 col-lg-6 col-md-12 col-sm-12 project\">\r\n\t\t\t<div class=\"contact_box project_box\">\r\n\t\t\t<div class=\"headingh2\">Leszek Pikora<\/div>\r\n\t\t\t<div class=\"headingh3\"><\/div><br>\r\n\r\n\r\n\t\t\t<p>tel kom. 510 089 340<\/p>\n\t\t\t<\/div>\r\n    <\/div>\r\n\r\n\t\r\n\t \r\n\r\n\r\n<\/div>\r\n  \r\n<\/div>\r\n\n\n\n<div style=\"height:20px\" aria-hidden=\"true\" class=\"wp-block-spacer\"><\/div>\n\n\n\r\n<div class=\"\">\r\n\r\n<div class=\"page_heading\"> <img decoding=\"async\" src=\"https:\/\/dag.uksw.edu.pl\/wp-content\/themes\/uksw\/images\/note-2_white.svg\" alt=\"\"> Wybierz interesuj\u0105c\u0105 Ci\u0119 sekcj\u0119:<\/div>\r\n<div class=\"candidate_box_sec\">\r\n<div class=\"row\">\r\n\r\n        \r\n                               \r\n                            <div class=\"col-xl-6 col-lg-6 col-md-12 col-sm-12 \">\r\n                                <a href=\"https:\/\/dag.uksw.edu.pl\/sekcja-eksploatacji-obiektow\/\"  class=\"project\" >\r\n                                    <div class=\"candidate_box project_box\">\r\n                                        <div class=\"candidate_box_title\">Sekcja eksploatacji obiekt\u00f3w<\/div>\r\n                                                                                <div class=\"candidate_box_sub_title\"><\/div>\r\n                                                                                <img decoding=\"async\" src=\"https:\/\/dag.uksw.edu.pl\/wp-content\/themes\/uksw\/images\/arrow_more1.svg\" alt=\"\">  \r\n                                    <\/div>\r\n                                <\/a>   \r\n                            <\/div>\r\n                     \r\n\r\n                         \r\n                            \r\n                            <div class=\"col-xl-6 col-lg-6 col-md-12 col-sm-12 \">\r\n                                <a href=\"https:\/\/dag.uksw.edu.pl\/sekcja-administracyjno-ekonomiczna\/\"  class=\"project\" >\r\n                                    <div class=\"candidate_box project_box\">\r\n                                        <div class=\"candidate_box_title\">Sekcja administracyjno-ekonomiczna<\/div>\r\n                                                                                <div class=\"candidate_box_sub_title\"><\/div>\r\n                                                                                <img decoding=\"async\" src=\"https:\/\/dag.uksw.edu.pl\/wp-content\/themes\/uksw\/images\/arrow_more1.svg\" alt=\"\">  \r\n                                    <\/div>\r\n                                <\/a>   \r\n                            <\/div>\r\n                     \r\n\r\n                         \r\n                            <\/div>\r\n<\/div>\r\n\r\n<\/div>\n\n\n<p><\/p>\n","protected":false},"excerpt":{"rendered":"<p>Prowadzenie spraw dotycz\u0105cych: Prowadzenie spraw dotycz\u0105cych: Prowadzenie spraw dotycz\u0105cych: Realizacja zada\u0144 w zakresie: Teren Dewajtis Teren W\u00f3ycickiego Kierowcy<\/p>\n","protected":false},"author":50,"featured_media":0,"parent":0,"menu_order":3,"comment_status":"closed","ping_status":"closed","template":"page-templates\/template-sub-page.php","meta":{"_acf_changed":false,"inline_featured_image":false,"footnotes":"","_links_to":"","_links_to_target":""},"class_list":["post-4070","page","type-page","status-publish","hentry"],"acf":[],"_links":{"self":[{"href":"https:\/\/dag.uksw.edu.pl\/pl\/wp-json\/wp\/v2\/pages\/4070","targetHints":{"allow":["GET"]}}],"collection":[{"href":"https:\/\/dag.uksw.edu.pl\/pl\/wp-json\/wp\/v2\/pages"}],"about":[{"href":"https:\/\/dag.uksw.edu.pl\/pl\/wp-json\/wp\/v2\/types\/page"}],"author":[{"embeddable":true,"href":"https:\/\/dag.uksw.edu.pl\/pl\/wp-json\/wp\/v2\/users\/50"}],"replies":[{"embeddable":true,"href":"https:\/\/dag.uksw.edu.pl\/pl\/wp-json\/wp\/v2\/comments?post=4070"}],"version-history":[{"count":36,"href":"https:\/\/dag.uksw.edu.pl\/pl\/wp-json\/wp\/v2\/pages\/4070\/revisions"}],"predecessor-version":[{"id":5127,"href":"https:\/\/dag.uksw.edu.pl\/pl\/wp-json\/wp\/v2\/pages\/4070\/revisions\/5127"}],"wp:attachment":[{"href":"https:\/\/dag.uksw.edu.pl\/pl\/wp-json\/wp\/v2\/media?parent=4070"}],"curies":[{"name":"wp","href":"https:\/\/api.w.org\/{rel}","templated":true}]}}