{"id":4060,"date":"2022-11-10T11:04:11","date_gmt":"2022-11-10T10:04:11","guid":{"rendered":"https:\/\/jednostki.uksw.edu.pl\/dag\/?page_id=4060"},"modified":"2024-12-12T12:41:24","modified_gmt":"2024-12-12T11:41:24","slug":"sekcja-eksploatacji-obiektow","status":"publish","type":"page","link":"https:\/\/dag.uksw.edu.pl\/sekcja-eksploatacji-obiektow\/","title":{"rendered":"Sekcja eksploatacji obiekt\u00f3w"},"content":{"rendered":"\n<h2 class=\"wp-block-heading\">Administratorzy obiekt\u00f3w<\/h2>\n\n\n\n<p>Prowadzenie spraw dotycz\u0105cych utrzymania, funkcjonowania i eksploatacji obiekt\u00f3w:<\/p>\n\n\n\n<ul class=\"wp-block-list\">\n<li>obs\u0142uga gospodarcza, wyposa\u017cenie obiekt\u00f3w i terenu,<\/li>\n\n\n\n<li>sprawdzanie stanu technicznego,<\/li>\n\n\n\n<li>dba\u0142o\u015b\u0107 o prawid\u0142owe funkcjonowanie pomieszcze\u0144 wraz z wyposa\u017ceniem,<\/li>\n\n\n\n<li>obs\u0142uga us\u0142ug zewn\u0119trznych w obiektach (ochrona, sprz\u0105tanie, szatnia, bufety, itp.),<\/li>\n\n\n\n<li>przygotowanie obiekt\u00f3w i pomieszcze\u0144 do zaj\u0119\u0107 dydaktycznych, konferencji, uroczysto\u015bci i akcji promocyjnych,<\/li>\n\n\n\n<li>zapewnienie dost\u0119pu do pomieszcze\u0144 i obiekt\u00f3w,<\/li>\n\n\n\n<li>udost\u0119pnianie powierzchni w obiektach i na terenie kampus\u00f3w,<\/li>\n\n\n\n<li>zapewnienie dost\u0119pu do parking, w tym rezerwacja miejsc parkingowych.<\/li>\n<\/ul>\n\n\n\n<hr class=\"wp-block-separator has-alpha-channel-opacity is-style-wide\" \/>\n\n\n\n<div style=\"height:20px\" aria-hidden=\"true\" class=\"wp-block-spacer\"><\/div>\n\n\n\n<h2 class=\"wp-block-heading\">Teren Dewajtis<\/h2>\n\n\n\r\n<div class=\"\">\r\n\r\n<div class=\"row\">\r\n\r\n  \r\n\r\n\r\n     <div class=\"col-xl-6 col-lg-6 col-md-12 col-sm-12 project\">\r\n\t\t\t<div class=\"contact_box project_box\">\r\n\t\t\t<div class=\"headingh2\">Dorota Stefa\u0144ska<\/div>\r\n\t\t\t<div class=\"headingh3\"><\/div><br>\r\n\r\n\r\n\t\t\t<p><a href=\"mailto:d.stefanska@uksw.edu.pl\">d.stefanska@uksw.edu.pl<\/a><br \/>\nAdministrator budynk\u00f3w:<strong>\u00a0Nowy Gmach, \u0141\u0105cznik,<\/strong><br \/>\nul. Dewajtis 5, Stary Gmach, pok. 31,<br \/>\ntel. kom. 512 314 837,<br \/>\ntel. 22 561 89 32, wew. 332<\/p>\n\t\t\t<\/div>\r\n    <\/div>\r\n\r\n\t\r\n\r\n\r\n     <div class=\"col-xl-6 col-lg-6 col-md-12 col-sm-12 project\">\r\n\t\t\t<div class=\"contact_box project_box\">\r\n\t\t\t<div class=\"headingh2\">Lidia Forysiak<\/div>\r\n\t\t\t<div class=\"headingh3\"><\/div><br>\r\n\r\n\r\n\t\t\t<p><a href=\"mailto:m.zalecka@uksw.edu.pl\">l.forysiak@uksw.edu.pl<\/a><br \/>\nAdministrator budynk\u00f3w:\u00a0<strong>Stary Gmach, domki 2, 3,\u00a0 8,<\/strong><br \/>\nul. Dewajtis 5, Stary Gmach, pok. 31,<br \/>\ntel. kom. 506 022 841<br \/>\ntel. 22 561 89 19, wew. 319<\/p>\n\t\t\t<\/div>\r\n    <\/div>\r\n\r\n\t\r\n\t \r\n\r\n\r\n<\/div>\r\n  \r\n<\/div>\r\n\n\n\n<hr class=\"wp-block-separator has-alpha-channel-opacity is-style-wide\" \/>\n\n\n\n<div style=\"height:20px\" aria-hidden=\"true\" class=\"wp-block-spacer\"><\/div>\n\n\n\n<h2 class=\"wp-block-heading\">Teren W\u00f3ycickiego<\/h2>\n\n\n\r\n<div class=\"\">\r\n\r\n<div class=\"row\">\r\n\r\n  \r\n\r\n\r\n     <div class=\"col-xl-6 col-lg-6 col-md-12 col-sm-12 project\">\r\n\t\t\t<div class=\"contact_box project_box\">\r\n\t\t\t<div class=\"headingh2\">Edyta Nowakowska<\/div>\r\n\t\t\t<div class=\"headingh3\"><\/div><br>\r\n\r\n\r\n\t\t\t<p><a href=\"mailto:e.nowakowska@uksw.edu.pl\">e.nowakowska@uksw.edu.pl<\/a><br \/>\nAdministrator budynku:\u00a0<strong>21, 3<\/strong><br \/>\nul. W\u00f3ycickiego 1\/3, Budynek nr 21, pok. 020<br \/>\ntel. kom. 507 098 541,<br \/>\ntel. 22 569 96 60, wew. 660<\/p>\n\t\t\t<\/div>\r\n    <\/div>\r\n\r\n\t\r\n\r\n\r\n     <div class=\"col-xl-6 col-lg-6 col-md-12 col-sm-12 project\">\r\n\t\t\t<div class=\"contact_box project_box\">\r\n\t\t\t<div class=\"headingh2\">Przemys\u0142aw Rojczyk<\/div>\r\n\t\t\t<div class=\"headingh3\"><\/div><br>\r\n\r\n\r\n\t\t\t<p><a href=\"mailto:p.rojczyk@uksw.edu.pl\">p.rojczyk@uksw.edu.pl<\/a><br \/>\nAdministrator budynku:<strong> 23, 25, teren kampusu W\u00f3ycickiego<\/strong><br \/>\nul. W\u00f3ycickiego 1\/3, Budynek nr 23, pok. 217,<br \/>\ntel. kom. 506 789 429,<br \/>\ntel. 22 569 96 62, wew. 662<\/p>\n\t\t\t<\/div>\r\n    <\/div>\r\n\r\n\t\r\n\r\n\r\n     <div class=\"col-xl-6 col-lg-6 col-md-12 col-sm-12 project\">\r\n\t\t\t<div class=\"contact_box project_box\">\r\n\t\t\t<div class=\"headingh2\">Jacek Gos\u0142awski<\/div>\r\n\t\t\t<div class=\"headingh3\"><\/div><br>\r\n\r\n\r\n\t\t\t<p><a href=\"mailto:j.goslawski@uksw.edu.pl\">j.goslawski@uksw.edu.pl<\/a><br \/>\nAdministrator budynk\u00f3w:<strong> 5, 9, 24 (CLNP)<\/strong><br \/>\nul. W\u00f3ycickiego 1\/3, Budynek nr 23, pok. 217<br \/>\ntel. kom.\u00a0510 056 681,<br \/>\ntel. 22 569 96 90, wew. 690<\/p>\n\t\t\t<\/div>\r\n    <\/div>\r\n\r\n\t\r\n\r\n\r\n     <div class=\"col-xl-6 col-lg-6 col-md-12 col-sm-12 project\">\r\n\t\t\t<div class=\"contact_box project_box\">\r\n\t\t\t<div class=\"headingh2\">Marzanna Za\u0142\u0119cka<\/div>\r\n\t\t\t<div class=\"headingh3\"><\/div><br>\r\n\r\n\r\n\t\t\t<p><a href=\"mailto:m.zalecka@uksw.edu.pl\">m.zalecka@uksw.edu.pl<\/a><br \/>\nAdministrator budynk\u00f3w:<strong> 15, 17, 20 (Kaplica)<\/strong><br \/>\nul. W\u00f3ycickiego 1\/3, Budynek nr 15, pok. 1511,<br \/>\ntel. kom. 510 056 683,<br \/>\ntel. 22 569 97 08, wew. 708<\/p>\n\t\t\t<\/div>\r\n    <\/div>\r\n\r\n\t\r\n\r\n\r\n     <div class=\"col-xl-6 col-lg-6 col-md-12 col-sm-12 project\">\r\n\t\t\t<div class=\"contact_box project_box\">\r\n\t\t\t<div class=\"headingh2\">Marta Staszek<\/div>\r\n\t\t\t<div class=\"headingh3\"><\/div><br>\r\n\r\n\r\n\t\t\t<p><a href=\"mailto:m.staszek@uksw.edu.pl\">m.staszek@uksw.edu.pl<\/a><br \/>\nAdministrator budynk\u00f3w:<strong> 2, 4, 12, 14<\/strong><br \/>\nul. W\u00f3ycickiego 1\/3, Budynek nr 14, pok. 1403,<br \/>\ntel. kom. 506 789 186,<br \/>\ntel. 22 569 96 05, wew. 605<\/p>\n\t\t\t<\/div>\r\n    <\/div>\r\n\r\n\t\r\n\r\n\r\n     <div class=\"col-xl-6 col-lg-6 col-md-12 col-sm-12 project\">\r\n\t\t\t<div class=\"contact_box project_box\">\r\n\t\t\t<div class=\"headingh2\">Agata Marczewska<\/div>\r\n\t\t\t<div class=\"headingh3\"><\/div><br>\r\n\r\n\r\n\t\t\t<p><a href=\"a.marczewska@uksw.edu.pl\">a.marczewska@uksw.edu.pl<\/a><br \/>\nAdministrator budynk\u00f3w:<strong> 19, 5A- Przedszkole<\/strong><br \/>\nul. W\u00f3ycickiego 1\/3, Budynek 24, pok\u00f3j 408<br \/>\ntel. kom. 500-071-450<br \/>\ntel. 22 569 96 88, wew. 688<\/p>\n\t\t\t<\/div>\r\n    <\/div>\r\n\r\n\t\r\n\r\n\r\n     <div class=\"col-xl-6 col-lg-6 col-md-12 col-sm-12 project\">\r\n\t\t\t<div class=\"contact_box project_box\">\r\n\t\t\t<div class=\"headingh2\">Tadeusz Niew\u0119g\u0142owski<\/div>\r\n\t\t\t<div class=\"headingh3\"><\/div><br>\r\n\r\n\r\n\t\t\t<p><a href=\"mailto:t.nieweglowski@uksw.edu.pl\">t.nieweglowski@uksw.edu.pl<\/a><br \/>\nAdministrator budynk\u00f3w:<strong>\u00a0Dziekan\u00f3w Le\u015bny<\/strong><br \/>\nul. Marii Konopnickiej 1, Budynek nr A, pok. 025,<br \/>\ntel. kom. 510 056 682,<br \/>\ntel. 22 569 97 91<\/p>\n\t\t\t<\/div>\r\n    <\/div>\r\n\r\n\t\r\n\t \r\n\r\n\r\n<\/div>\r\n  \r\n<\/div>\r\n\n\n\n<div style=\"height:20px\" aria-hidden=\"true\" class=\"wp-block-spacer\"><\/div>\n\n\n\r\n<div class=\"\">\r\n\r\n<div class=\"page_heading\"> <img decoding=\"async\" src=\"https:\/\/dag.uksw.edu.pl\/wp-content\/themes\/uksw\/images\/note-2_white.svg\" alt=\"\"> Wybierz interesuj\u0105c\u0105 Ci\u0119 sekcj\u0119:<\/div>\r\n<div class=\"candidate_box_sec\">\r\n<div class=\"row\">\r\n\r\n        \r\n                               \r\n                            <div class=\"col-xl-6 col-lg-6 col-md-12 col-sm-12 \">\r\n                                <a href=\"https:\/\/dag.uksw.edu.pl\/sekcja-administracyjno-ekonomiczna\/\"  class=\"project\" >\r\n                                    <div class=\"candidate_box project_box\">\r\n                                        <div class=\"candidate_box_title\">Sekcja administracyjno-ekonomiczna<\/div>\r\n                                                                                <div class=\"candidate_box_sub_title\"><\/div>\r\n                                                                                <img decoding=\"async\" src=\"https:\/\/dag.uksw.edu.pl\/wp-content\/themes\/uksw\/images\/arrow_more1.svg\" alt=\"\">  \r\n                                    <\/div>\r\n                                <\/a>   \r\n                            <\/div>\r\n                     \r\n\r\n                         \r\n                            \r\n                            <div class=\"col-xl-6 col-lg-6 col-md-12 col-sm-12 \">\r\n                                <a href=\"https:\/\/dag.uksw.edu.pl\/sekcja-gospodarcza\/\"  class=\"project\" >\r\n                                    <div class=\"candidate_box project_box\">\r\n                                        <div class=\"candidate_box_title\">Sekcja gospodarcza<\/div>\r\n                                                                                <div class=\"candidate_box_sub_title\"><\/div>\r\n                                                                                <img decoding=\"async\" src=\"https:\/\/dag.uksw.edu.pl\/wp-content\/themes\/uksw\/images\/arrow_more1.svg\" alt=\"\">  \r\n                                    <\/div>\r\n                                <\/a>   \r\n                            <\/div>\r\n                     \r\n\r\n                         \r\n                            <\/div>\r\n<\/div>\r\n\r\n<\/div>","protected":false},"excerpt":{"rendered":"<p>Administratorzy obiekt\u00f3w Prowadzenie spraw dotycz\u0105cych utrzymania, funkcjonowania i eksploatacji obiekt\u00f3w: Teren Dewajtis Teren W\u00f3ycickiego<\/p>\n","protected":false},"author":50,"featured_media":0,"parent":0,"menu_order":1,"comment_status":"closed","ping_status":"closed","template":"page-templates\/template-sub-page.php","meta":{"_acf_changed":false,"inline_featured_image":false,"footnotes":"","_links_to":"","_links_to_target":""},"class_list":["post-4060","page","type-page","status-publish","hentry"],"acf":[],"_links":{"self":[{"href":"https:\/\/dag.uksw.edu.pl\/pl\/wp-json\/wp\/v2\/pages\/4060","targetHints":{"allow":["GET"]}}],"collection":[{"href":"https:\/\/dag.uksw.edu.pl\/pl\/wp-json\/wp\/v2\/pages"}],"about":[{"href":"https:\/\/dag.uksw.edu.pl\/pl\/wp-json\/wp\/v2\/types\/page"}],"author":[{"embeddable":true,"href":"https:\/\/dag.uksw.edu.pl\/pl\/wp-json\/wp\/v2\/users\/50"}],"replies":[{"embeddable":true,"href":"https:\/\/dag.uksw.edu.pl\/pl\/wp-json\/wp\/v2\/comments?post=4060"}],"version-history":[{"count":37,"href":"https:\/\/dag.uksw.edu.pl\/pl\/wp-json\/wp\/v2\/pages\/4060\/revisions"}],"predecessor-version":[{"id":5125,"href":"https:\/\/dag.uksw.edu.pl\/pl\/wp-json\/wp\/v2\/pages\/4060\/revisions\/5125"}],"wp:attachment":[{"href":"https:\/\/dag.uksw.edu.pl\/pl\/wp-json\/wp\/v2\/media?parent=4060"}],"curies":[{"name":"wp","href":"https:\/\/api.w.org\/{rel}","templated":true}]}}