{"id":4026,"date":"2022-11-10T10:44:08","date_gmt":"2022-11-10T09:44:08","guid":{"rendered":"https:\/\/jednostki.uksw.edu.pl\/dag\/?page_id=4026"},"modified":"2026-03-23T12:32:36","modified_gmt":"2026-03-23T11:32:36","slug":"sekcja-administracyjno-ekonomiczna","status":"publish","type":"page","link":"https:\/\/dag.uksw.edu.pl\/sekcja-administracyjno-ekonomiczna\/","title":{"rendered":"Sekcja administracyjno-ekonomiczna"},"content":{"rendered":"\n<h2 class=\"wp-block-heading\">Stanowisko ds. administracyjnych<\/h2>\n\n\n\r\n<div class=\"\">\r\n\r\n<div class=\"row\">\r\n\r\n  \r\n\r\n\r\n     <div class=\"col-xl-12 col-lg-6 col-md-12 col-sm-12 project\">\r\n\t\t\t<div class=\"contact_box project_box\">\r\n\t\t\t<div class=\"headingh2\">Anna Skierniewska<\/div>\r\n\t\t\t<div class=\"headingh3\"><\/div><br>\r\n\r\n\r\n\t\t\t<p><a href=\"mailto:a.skierniewska@uksw.edu.pl\">a.skierniewska@uksw.edu.pl<\/a><br data-rich-text-line-break=\"true\" \/>ul. Dewajtis 5, Stary Gmach, pok. 28<br data-rich-text-line-break=\"true\" \/>tel. 22\u00a0561 89 15 wew. 315<\/p>\n\t\t\t<\/div>\r\n    <\/div>\r\n\r\n\t\r\n\t \r\n\r\n\r\n<\/div>\r\n  \r\n<\/div>\r\n\n\n\n<p>Prowadzenie spraw dotycz\u0105cych obs\u0142ugi administracyjnej w zakresie:<\/p>\n\n\n\n<ul class=\"wp-block-list\">\n<li>obs\u0142ugi kancelaryjnej DAG,<\/li>\n\n\n\n<li>nabywania i zbywania nieruchomo\u015bci przez UKSW oraz realizacji zawartych um\u00f3w,<\/li>\n\n\n\n<li>ochrony \u015brodowiska i gospodarowania odpadami.&nbsp;<\/li>\n<\/ul>\n\n\n\n<hr class=\"wp-block-separator has-alpha-channel-opacity is-style-wide\" \/>\n\n\n\n<div style=\"height:20px\" aria-hidden=\"true\" class=\"wp-block-spacer\"><\/div>\n\n\n\n<h2 class=\"wp-block-heading\">Stanowiska ds. ekonomicznych i zam\u00f3wie\u0144 publicznych<\/h2>\n\n\n\r\n<div class=\"\">\r\n\r\n<div class=\"row\">\r\n\r\n  \r\n\r\n\r\n     <div class=\"col-xl-4 col-lg-6 col-md-12 col-sm-12 project\">\r\n\t\t\t<div class=\"contact_box project_box\">\r\n\t\t\t<div class=\"headingh2\">Agnieszka Raczkiewicz<\/div>\r\n\t\t\t<div class=\"headingh3\"><\/div><br>\r\n\r\n\r\n\t\t\t<p><a href=\"mailto:a.raczkiewicz@uksw.edu.pl\" data-rich-text-format-boundary=\"true\">a.raczkiewicz@uksw.edu.pl<\/a><br \/>\nul. Dewajtis 5, Stary Gmach, pok. 30<br data-rich-text-line-break=\"true\" \/>tel. 22\u00a0561 88 69 wew. 269<\/p>\n\t\t\t<\/div>\r\n    <\/div>\r\n\r\n\t\r\n\r\n\r\n     <div class=\"col-xl-4 col-lg-6 col-md-12 col-sm-12 project\">\r\n\t\t\t<div class=\"contact_box project_box\">\r\n\t\t\t<div class=\"headingh2\">Adrian \u017b\u00f3\u0142ci\u0144ski<\/div>\r\n\t\t\t<div class=\"headingh3\"><\/div><br>\r\n\r\n\r\n\t\t\t<p><a href=\"mailto:a.zolcinski@uksw.edu.pl\">a.zolcinski@uksw.edu.pl<\/a><br data-rich-text-line-break=\"true\" \/>ul. Dewajtis 5, Stary Gmach, pok. 30<br data-rich-text-line-break=\"true\" \/>tel. 22 380 43 31 wew. 471<\/p>\n\t\t\t<\/div>\r\n    <\/div>\r\n\r\n\t\r\n\t \r\n\r\n\r\n<\/div>\r\n  \r\n<\/div>\r\n\n\n\n<p><strong>Prowadzenie spraw dotycz\u0105cych:<\/strong><\/p>\n\n\n\n<ul class=\"wp-block-list\">\n<li>zam\u00f3wie\u0144 i zapotrzebowa\u0144 na zakup towar\u00f3w i us\u0142ug, wsp\u00f3\u0142pracy z DZP, kontrolowania i&nbsp;koordynacji procesu wdra\u017cania przez DAG zam\u00f3wie\u0144 na zakup towar\u00f3w,<\/li>\n\n\n\n<li>przygotowywania projekt\u00f3w rocznych plan\u00f3w zam\u00f3wie\u0144 na dostawy i us\u0142ugi,<\/li>\n\n\n\n<li>przygotowywania projekt\u00f3w um\u00f3w na dostawy i us\u0142ugi \u015bwiadczone w obiektach i na terenie UKSW oraz nadzoru nad procesami ich zawierania jak r\u00f3wnie\u017c realizacji od strony formalno-prawnej,<\/li>\n\n\n\n<li>przygotowywania dokument\u00f3w koniecznych do wszcz\u0119cia post\u0119powania o udzielenie zam\u00f3wienia publicznego,<\/li>\n\n\n\n<li>napraw oraz likwidacji szk\u00f3d mienia ruchomego UKSW,<\/li>\n\n\n\n<li>ubezpiecze\u0144 maj\u0105tkowych i likwidacji szk\u00f3d,<\/li>\n\n\n\n<li>przydzielania odzie\u017cy roboczej pracownikom UKSW.<\/li>\n<\/ul>\n\n\n\n<hr class=\"wp-block-separator has-alpha-channel-opacity has-background is-style-wide\" \/>\n\n\n\n<div style=\"height:20px\" aria-hidden=\"true\" class=\"wp-block-spacer\"><\/div>\n\n\n\r\n<div class=\"\">\r\n\r\n<div class=\"row\">\r\n\r\n  \r\n\r\n\r\n     <div class=\"col-xl-12 col-lg-6 col-md-12 col-sm-12 project\">\r\n\t\t\t<div class=\"contact_box project_box\">\r\n\t\t\t<div class=\"headingh2\">Danuta Zaremba<\/div>\r\n\t\t\t<div class=\"headingh3\"><\/div><br>\r\n\r\n\r\n\t\t\t<p><a href=\"mailto:d.zaremba@uksw.edu.pl\">d.zaremba@uksw.edu.pl<\/a><br data-rich-text-line-break=\"true\" \/>ul. Dewajtis 5, Stary Gmach, pok. 28<br data-rich-text-line-break=\"true\" \/>tel. 22\u00a0561 88 88 wew. 288<\/p>\n\t\t\t<\/div>\r\n    <\/div>\r\n\r\n\t\r\n\t \r\n\r\n\r\n<\/div>\r\n  \r\n<\/div>\r\n\n\n\n<p><strong>Prowadzenie spraw dotycz\u0105cych:<\/strong><\/p>\n\n\n\n<ul class=\"wp-block-list\">\n<li>gospodarowania zasobami lokalowymi i udost\u0119pniania powierzchni UKSW podmiotom zewn\u0119trznym, a tak\u017ce rozliczanie nale\u017cno\u015bci z tytu\u0142u najmu<\/li>\n\n\n\n<li>um\u00f3w najmu i podnajmu, rozliczanie nale\u017cno\u015bci<\/li>\n\n\n\n<li>kwestii finansowych, wystawiania faktur i not<\/li>\n<\/ul>\n\n\n\n<hr class=\"wp-block-separator has-alpha-channel-opacity has-background is-style-wide\" \/>\n\n\n\n<div style=\"height:20px\" aria-hidden=\"true\" class=\"wp-block-spacer\"><\/div>\n\n\n\r\n<div class=\"\">\r\n\r\n<div class=\"row\">\r\n\r\n  \r\n\r\n\r\n     <div class=\"col-xl-12 col-lg-6 col-md-12 col-sm-12 project\">\r\n\t\t\t<div class=\"contact_box project_box\">\r\n\t\t\t<div class=\"headingh2\">Magdalena Bienias<\/div>\r\n\t\t\t<div class=\"headingh3\"><\/div><br>\r\n\r\n\r\n\t\t\t<p><a href=\"mailto:m.bienias@uksw.edu.pl\">m.bienias@uksw.edu.pl<\/a><br data-rich-text-line-break=\"true\" \/>ul. Dewajtis 5, Stary Gmach, pok. 28<br data-rich-text-line-break=\"true\" \/>tel. 22\u00a0561 89 22 wew. 322<\/p>\n\t\t\t<\/div>\r\n    <\/div>\r\n\r\n\t\r\n\t \r\n\r\n\r\n<\/div>\r\n  \r\n<\/div>\r\n\n\n\n<p><strong>Prowadzenie spraw dotycz\u0105cych:<\/strong><\/p>\n\n\n\n<ul class=\"wp-block-list\">\n<li>sprawozda\u0144 i kalkulacji koszt\u00f3w,<\/li>\n\n\n\n<li>weryfikacji i rozliczania faktur za zakup towar\u00f3w i us\u0142ug dla potrzeb UKSW,<\/li>\n\n\n\n<li>wystawiania faktur i not z tytu\u0142u nale\u017cno\u015bci dla UKSW w zakresie eksploatacji obiekt\u00f3w i wyposa\u017cenia.<\/li>\n<\/ul>\n\n\n\n<hr class=\"wp-block-separator has-alpha-channel-opacity has-background is-style-wide\" \/>\n\n\n\n<div style=\"height:20px\" aria-hidden=\"true\" class=\"wp-block-spacer\"><\/div>\n\n\n\r\n<div class=\"\">\r\n\r\n<div class=\"row\">\r\n\r\n  \r\n\r\n\r\n     <div class=\"col-xl-12 col-lg-6 col-md-12 col-sm-12 project\">\r\n\t\t\t<div class=\"contact_box project_box\">\r\n\t\t\t<div class=\"headingh2\">Monika Raczkiewicz-Sumi\u0142a<\/div>\r\n\t\t\t<div class=\"headingh3\"><\/div><br>\r\n\r\n\r\n\t\t\t<p><a href=\"mailto:m.raczkiewicz-sumila@uksw.edu.pl\">m.raczkiewicz-sumila@uksw.edu.pl<\/a><br data-rich-text-line-break=\"true\" \/>ul. Dewajtis 5, Stary Gmach, pok. 28<br data-rich-text-line-break=\"true\" \/>tel. 22\u00a0561 90 26 wew. 426<\/p>\n\t\t\t<\/div>\r\n    <\/div>\r\n\r\n\t\r\n\t \r\n\r\n\r\n<\/div>\r\n  \r\n<\/div>\r\n\n\n\n<p><strong>Prowadzenie spraw dotycz\u0105cych:<\/strong><\/p>\n\n\n\n<ul class=\"wp-block-list\">\n<li>bud\u017cetu oraz weryfikacji pod k\u0105tem dost\u0119pno\u015bci,<\/li>\n\n\n\n<li>przygotowywania projekt\u00f3w rocznych plan\u00f3w zam\u00f3wie\u0144 na dostawy i us\u0142ugi,<\/li>\n\n\n\n<li>ewidencji zapotrzebowa\u0144, bilansowanie kwot, kontrola zgodno\u015bci,<\/li>\n\n\n\n<li>administracji i aktualizacji strony internetowej DAG<\/li>\n\n\n\n<li>centralny przydzia\u0142 sal<\/li>\n\n\n\n<li>rezerwacja sal dydaktycznych i konferencyjnych<\/li>\n<\/ul>\n\n\n\n<div style=\"height:20px\" aria-hidden=\"true\" class=\"wp-block-spacer\"><\/div>\n\n\n\r\n<div class=\"\">\r\n\r\n<div class=\"page_heading\"> <img decoding=\"async\" src=\"https:\/\/dag.uksw.edu.pl\/wp-content\/themes\/uksw\/images\/note-2_white.svg\" alt=\"\"> Wybierz interesuj\u0105c\u0105 Ci\u0119 sekcj\u0119:<\/div>\r\n<div class=\"candidate_box_sec\">\r\n<div class=\"row\">\r\n\r\n        \r\n                               \r\n                            <div class=\"col-xl-4 col-lg-6 col-md-12 col-sm-12 \">\r\n                                <a href=\"https:\/\/dag.uksw.edu.pl\/sekcja-eksploatacji-obiektow\/\"  class=\"project\" >\r\n                                    <div class=\"candidate_box project_box\">\r\n                                        <div class=\"candidate_box_title\">Sekcja eksploatacji obiekt\u00f3w<\/div>\r\n                                                                                <div class=\"candidate_box_sub_title\"><\/div>\r\n                                                                                <img decoding=\"async\" src=\"https:\/\/dag.uksw.edu.pl\/wp-content\/themes\/uksw\/images\/arrow_more1.svg\" alt=\"\">  \r\n                                    <\/div>\r\n                                <\/a>   \r\n                            <\/div>\r\n                     \r\n\r\n                         \r\n                            \r\n                            <div class=\"col-xl-4 col-lg-6 col-md-12 col-sm-12 \">\r\n                                <a href=\"https:\/\/dag.uksw.edu.pl\/sekcja-gospodarcza\/\"  class=\"project\" >\r\n                                    <div class=\"candidate_box project_box\">\r\n                                        <div class=\"candidate_box_title\">Sekcja gospodarcza<\/div>\r\n                                                                                <div class=\"candidate_box_sub_title\"><\/div>\r\n                                                                                <img decoding=\"async\" src=\"https:\/\/dag.uksw.edu.pl\/wp-content\/themes\/uksw\/images\/arrow_more1.svg\" alt=\"\">  \r\n                                    <\/div>\r\n                                <\/a>   \r\n                            <\/div>\r\n                     \r\n\r\n                         \r\n                            <\/div>\r\n<\/div>\r\n\r\n<\/div>","protected":false},"excerpt":{"rendered":"<p>Stanowisko ds. administracyjnych Prowadzenie spraw dotycz\u0105cych obs\u0142ugi administracyjnej w zakresie: Stanowiska ds. ekonomicznych i zam\u00f3wie\u0144 publicznych Prowadzenie spraw dotycz\u0105cych: Prowadzenie spraw dotycz\u0105cych: Prowadzenie spraw dotycz\u0105cych: Prowadzenie spraw dotycz\u0105cych:<\/p>\n","protected":false},"author":50,"featured_media":0,"parent":0,"menu_order":2,"comment_status":"closed","ping_status":"closed","template":"page-templates\/template-sub-page.php","meta":{"_acf_changed":false,"inline_featured_image":false,"footnotes":"","_links_to":"","_links_to_target":""},"class_list":["post-4026","page","type-page","status-publish","hentry"],"acf":[],"_links":{"self":[{"href":"https:\/\/dag.uksw.edu.pl\/pl\/wp-json\/wp\/v2\/pages\/4026","targetHints":{"allow":["GET"]}}],"collection":[{"href":"https:\/\/dag.uksw.edu.pl\/pl\/wp-json\/wp\/v2\/pages"}],"about":[{"href":"https:\/\/dag.uksw.edu.pl\/pl\/wp-json\/wp\/v2\/types\/page"}],"author":[{"embeddable":true,"href":"https:\/\/dag.uksw.edu.pl\/pl\/wp-json\/wp\/v2\/users\/50"}],"replies":[{"embeddable":true,"href":"https:\/\/dag.uksw.edu.pl\/pl\/wp-json\/wp\/v2\/comments?post=4026"}],"version-history":[{"count":63,"href":"https:\/\/dag.uksw.edu.pl\/pl\/wp-json\/wp\/v2\/pages\/4026\/revisions"}],"predecessor-version":[{"id":5367,"href":"https:\/\/dag.uksw.edu.pl\/pl\/wp-json\/wp\/v2\/pages\/4026\/revisions\/5367"}],"wp:attachment":[{"href":"https:\/\/dag.uksw.edu.pl\/pl\/wp-json\/wp\/v2\/media?parent=4026"}],"curies":[{"name":"wp","href":"https:\/\/api.w.org\/{rel}","templated":true}]}}