{"id":4004,"date":"2022-11-10T09:59:58","date_gmt":"2022-11-10T08:59:58","guid":{"rendered":"https:\/\/jednostki.uksw.edu.pl\/dag\/wynajem\/rezerwacja-miejsca-parkingowego-rezygnacja-z-miejsca-parkingowego\/"},"modified":"2023-11-06T11:15:42","modified_gmt":"2023-11-06T10:15:42","slug":"rezerwacja-miejsca-parkingowego-rezygnacja-z-miejsca-parkingowego","status":"publish","type":"page","link":"https:\/\/dag.uksw.edu.pl\/wynajem\/rezerwacja-miejsca-parkingowego-rezygnacja-z-miejsca-parkingowego\/","title":{"rendered":"Rezerwacja miejsca parkingowego \/ Rezygnacja z miejsca parkingowego"},"content":{"rendered":"\n<p><strong>W celu rezerwacji miejsca parkingowego nale\u017cy:<\/strong><\/p>\n\n\n\n<p>1. Zapozna\u0107 si\u0119 z&nbsp;regulaminem&nbsp;oraz cennikiem:<\/p>\n\n\n\r\n<div class=\"\">\r\n\r\n\r\n<div class=\"row\">\r\n\r\n  \r\n<div class=\"col-xl-12 col-lg-12 col-md-12 col-sm-12 \">\r\n\t\t<div class=\"download_detils\">\r\n\t\t\t<a href=\"https:\/\/dag.uksw.edu.pl\/wp-content\/uploads\/sites\/19\/2023\/01\/zal-do-zarz-109_2022-regulamin.pdf\"  title=\"Regulamin wjazdu i parkowania\" download >\r\n\t\t\t<img decoding=\"async\" src=\"https:\/\/dag.uksw.edu.pl\/wp-content\/themes\/uksw\/images\/import.svg\" alt=\"\"> Regulamin wjazdu i parkowania [PDF,  0.18 MB]<\/a>\r\n\t\t<\/div>\r\n<\/div>\r\n\r\n\r\n\t\t\r\n<div class=\"col-xl-12 col-lg-12 col-md-12 col-sm-12 \">\r\n\t\t<div class=\"download_detils\">\r\n\t\t\t<a href=\"https:\/\/dag.uksw.edu.pl\/wp-content\/uploads\/sites\/19\/2023\/10\/1695208060_zal-2.pdf\"  title=\"Cennik dla pracownik\u00f3w i student\u00f3w\" download >\r\n\t\t\t<img decoding=\"async\" src=\"https:\/\/dag.uksw.edu.pl\/wp-content\/themes\/uksw\/images\/import.svg\" alt=\"\"> Cennik dla pracownik\u00f3w i student\u00f3w [PDF,  0.15 MB]<\/a>\r\n\t\t<\/div>\r\n<\/div>\r\n\r\n\r\n\t\t\r\n<div class=\"col-xl-12 col-lg-12 col-md-12 col-sm-12 \">\r\n\t\t<div class=\"download_detils\">\r\n\t\t\t<a href=\"https:\/\/dag.uksw.edu.pl\/wp-content\/uploads\/sites\/19\/2023\/01\/1669126057_zal-4-do-regulaminu-cennik-podm-zewnetrze.pdf\"  title=\"Cennik dla podmiot\u00f3w zewn\u0119trznych\" download >\r\n\t\t\t<img decoding=\"async\" src=\"https:\/\/dag.uksw.edu.pl\/wp-content\/themes\/uksw\/images\/import.svg\" alt=\"\"> Cennik dla podmiot\u00f3w zewn\u0119trznych [PDF,  0.04 MB]<\/a>\r\n\t\t<\/div>\r\n<\/div>\r\n\r\n\r\n\t\t\r\n\t\t \r\n\r\n<\/div>\r\n<\/div>\r\n<div class=\"space20\"><\/div>\r\n\r\n\n\n\n<p>2. Wype\u0142ni\u0107 wniosek o udost\u0119pnienie miejsca parkingowego:<\/p>\n\n\n\r\n<div class=\"\">\r\n\r\n\r\n<div class=\"row\">\r\n\r\n  \r\n<div class=\"col-xl-12 col-lg-12 col-md-12 col-sm-12 \">\r\n\t\t<div class=\"download_detils\">\r\n\t\t\t<a href=\"https:\/\/dag.uksw.edu.pl\/wp-content\/uploads\/sites\/19\/2023\/11\/zal-1-do-zarz-109-20232.pdf\"  title=\"Wniosek o udost\u0119pnienie miejsca parkingowego\" download >\r\n\t\t\t<img decoding=\"async\" src=\"https:\/\/dag.uksw.edu.pl\/wp-content\/themes\/uksw\/images\/import.svg\" alt=\"\"> Wniosek o udost\u0119pnienie miejsca parkingowego [PDF,  0.13 MB]<\/a>\r\n\t\t<\/div>\r\n<\/div>\r\n\r\n\r\n\t\t\r\n\t\t \r\n\r\n<\/div>\r\n<\/div>\r\n<div class=\"space20\"><\/div>\r\n\r\n\n\n\n<p>3. Wype\u0142niony wniosek nale\u017cy z\u0142o\u017cy\u0107 w Dziale Administracyjno-Gospodarczym u Administratora obiektu:<\/p>\n\n\n\r\n<div class=\"\">\r\n\r\n<div class=\"row\">\r\n\r\n  \r\n\r\n\r\n     <div class=\"col-xl-4 col-lg-6 col-md-12 col-sm-12 project\">\r\n\t\t\t<div class=\"contact_box project_box\">\r\n\t\t\t<div class=\"headingh2\">Edyta Nowakowska<\/div>\r\n\t\t\t<div class=\"headingh3\">Kampus W\u00f3ycickiego<\/div><br>\r\n\r\n\r\n\t\t\t<p>Budynek 21, pok. 020<br \/>\nemail: <a href=\"mailto:e.nowakowska@uksw.edu.pl\">e.nowakowska@uksw.edu.pl<\/a><\/p>\n\t\t\t<\/div>\r\n    <\/div>\r\n\r\n\t\r\n\r\n\r\n     <div class=\"col-xl-4 col-lg-6 col-md-12 col-sm-12 project\">\r\n\t\t\t<div class=\"contact_box project_box\">\r\n\t\t\t<div class=\"headingh2\">Przemys\u0142aw Rojczyk<\/div>\r\n\t\t\t<div class=\"headingh3\">Kampus W\u00f3ycickiego<\/div><br>\r\n\r\n\r\n\t\t\t<p>Budynek 23, pok. 217<br \/>\nemail: <a href=\"mailto:p.rojczyk@uksw.edu.pl\">p.rojczyk@uksw.edu.pl<\/a><\/p>\n\t\t\t<\/div>\r\n    <\/div>\r\n\r\n\t\r\n\r\n\r\n     <div class=\"col-xl-4 col-lg-6 col-md-12 col-sm-12 project\">\r\n\t\t\t<div class=\"contact_box project_box\">\r\n\t\t\t<div class=\"headingh2\">Lidia Forysiak<\/div>\r\n\t\t\t<div class=\"headingh3\">Parking, Kampus Dewajtis<\/div><br>\r\n\r\n\r\n\t\t\t<p>Stary Gmach, pok. 31<br \/>\nemail: <a href=\"mailto:l.forysiak@uksw.edu.pl\">l.forysiak@uksw.edu.pl<\/a><\/p>\n\t\t\t<\/div>\r\n    <\/div>\r\n\r\n\t\r\n\t \r\n\r\n\r\n<\/div>\r\n  \r\n<\/div>\r\n\n\n\n<p><strong>lub&nbsp;poczt\u0105 na adres:<\/strong><\/p>\n\n\n\n<p>Uniwersytet Kardyna\u0142a Stefana Wyszy\u0144skiego w Warszawie<br>ul. Dewajtis 5<br>01-815 Warszawa<br>p. 31<\/p>\n\n\n\n<p>4. Administrator przydzieli miejsce parkingowe i przeka\u017ce wniosek na stanowisko ds. rozlicze\u0144 w celu wyliczenia op\u0142aty i wystawienia faktury.<\/p>\n\n\n\n<p>5. Skan faktury zostanie wys\u0142any na wskazany we wniosku e-mail w celu dokonania op\u0142at, orygina\u0142 dokumentu b\u0119dzie mo\u017cna odebra\u0107 osobi\u015bcie w Dziale Administracyjno-Gospodarczym, w pokoju nr&nbsp;28, Stary Budynek, Kampus Dewajtis.<\/p>\n\n\n\n<p>6. Z potwierdzeniem dokonanej wp\u0142aty nale\u017cy zg\u0142osi\u0107 si\u0119 do Administratora budynku po odbi\u00f3r pilota.<\/p>\n\n\n\n<p>7. W przypadku przed\u0142u\u017cenia rezerwacji nale\u017cy z\u0142o\u017cy\u0107 kolejny wniosek w terminie 14 dni przed up\u0142ywem terminu bie\u017c\u0105cej rezerwacji.<\/p>\n\n\n\n<p>8. <strong>W przypadku rezygnacji z miejsca parkingowego<\/strong> nale\u017cy zwr\u00f3ci\u0107 pilota do Administratora obiektu (za pokwitowaniem).<\/p>\n\n\n\n<p>9. Administrator obiektu sporz\u0105dzi protok\u00f3\u0142&nbsp;i przeka\u017ce kopi\u0119 na stanowisko ds. rozlicze\u0144.<\/p>\n\n\n\r\n<div class=\"\">\r\n\r\n\r\n<div class=\"row\">\r\n\r\n  \r\n<div class=\"col-xl-12 col-lg-12 col-md-12 col-sm-12 \">\r\n\t\t<div class=\"download_detils\">\r\n\t\t\t<a href=\"https:\/\/dag.uksw.edu.pl\/wp-content\/uploads\/sites\/19\/2022\/11\/protokol_zwrotu_pilota.doc\"  title=\"Protok\u00f3\u0142 zwrotu\" download >\r\n\t\t\t<img decoding=\"async\" src=\"https:\/\/dag.uksw.edu.pl\/wp-content\/themes\/uksw\/images\/import.svg\" alt=\"\"> Protok\u00f3\u0142 zwrotu [DOC,  0.02 MB]<\/a>\r\n\t\t<\/div>\r\n<\/div>\r\n\r\n\r\n\t\t\r\n\t\t \r\n\r\n<\/div>\r\n<\/div>\r\n<div class=\"space20\"><\/div>\r\n\r\n\n\n\n<p>10. Kaucja i ewentualne nadp\u0142aty zostan\u0105 zwr\u00f3cone na konto wskazane w ww. protokole.<\/p>\n\n\n\n<hr class=\"wp-block-separator has-alpha-channel-opacity is-style-wide\" \/>\n\n\n\n<div style=\"height:20px\" aria-hidden=\"true\" class=\"wp-block-spacer\"><\/div>\n\n\n\n<p><strong>UWAGA!<\/strong><\/p>\n\n\n\n<p>1. Przy pierwszej rezerwacji pobierana jest kaucja zwrotna.<\/p>\n\n\n\n<p>2. Nale\u017cy zachowa\u0107 wszelkie dowody wp\u0142at, a w szczeg\u00f3lno\u015bci dow\u00f3d wp\u0142aty kaucji za pilota oraz kopi\u0119 protoko\u0142u zwrotu pilota.<\/p>\n\n\n\n<p>3. W przypadku podmiot\u00f3w zewn\u0119trznych, os\u00f3b spoza UKSW zawierana jest umowa najmu miejsca postojowego, wed\u0142ug nast\u0119puj\u0105cego&nbsp;wzoru:<\/p>\n\n\n\r\n<div class=\"\">\r\n\r\n\r\n<div class=\"row\">\r\n\r\n  \r\n<div class=\"col-xl-12 col-lg-12 col-md-12 col-sm-12 \">\r\n\t\t<div class=\"download_detils\">\r\n\t\t\t<a href=\"https:\/\/dag.uksw.edu.pl\/wp-content\/uploads\/sites\/19\/2023\/01\/1669126040_zal-2-do-regulaminu-umowa.pdf\"  title=\"Wz\u00f3r umowy - miejsce parkingowe\" download >\r\n\t\t\t<img decoding=\"async\" src=\"https:\/\/dag.uksw.edu.pl\/wp-content\/themes\/uksw\/images\/import.svg\" alt=\"\"> Wz\u00f3r umowy &#8211; miejsce parkingowe [PDF,  0.15 MB]<\/a>\r\n\t\t<\/div>\r\n<\/div>\r\n\r\n\r\n\t\t\r\n\t\t \r\n\r\n<\/div>\r\n<\/div>\r\n<div class=\"space20\"><\/div>\r\n\r\n","protected":false},"excerpt":{"rendered":"<p>W celu rezerwacji miejsca parkingowego nale\u017cy: 1. Zapozna\u0107 si\u0119 z&nbsp;regulaminem&nbsp;oraz cennikiem: 2. Wype\u0142ni\u0107 wniosek o udost\u0119pnienie miejsca parkingowego: 3. Wype\u0142niony wniosek nale\u017cy z\u0142o\u017cy\u0107 w Dziale Administracyjno-Gospodarczym u Administratora obiektu: lub&nbsp;poczt\u0105 na adres: Uniwersytet Kardyna\u0142a Stefana Wyszy\u0144skiego w Warszawieul. Dewajtis 501-815 Warszawap. 31 4. Administrator przydzieli miejsce parkingowe i przeka\u017ce wniosek na stanowisko ds. rozlicze\u0144 w [&hellip;]<\/p>\n","protected":false},"author":1,"featured_media":0,"parent":4002,"menu_order":4,"comment_status":"closed","ping_status":"closed","template":"page-templates\/template-sub-page.php","meta":{"_acf_changed":false,"inline_featured_image":false,"footnotes":"","_links_to":"","_links_to_target":""},"class_list":["post-4004","page","type-page","status-publish","hentry"],"acf":[],"_links":{"self":[{"href":"https:\/\/dag.uksw.edu.pl\/pl\/wp-json\/wp\/v2\/pages\/4004","targetHints":{"allow":["GET"]}}],"collection":[{"href":"https:\/\/dag.uksw.edu.pl\/pl\/wp-json\/wp\/v2\/pages"}],"about":[{"href":"https:\/\/dag.uksw.edu.pl\/pl\/wp-json\/wp\/v2\/types\/page"}],"author":[{"embeddable":true,"href":"https:\/\/dag.uksw.edu.pl\/pl\/wp-json\/wp\/v2\/users\/1"}],"replies":[{"embeddable":true,"href":"https:\/\/dag.uksw.edu.pl\/pl\/wp-json\/wp\/v2\/comments?post=4004"}],"version-history":[{"count":14,"href":"https:\/\/dag.uksw.edu.pl\/pl\/wp-json\/wp\/v2\/pages\/4004\/revisions"}],"predecessor-version":[{"id":4750,"href":"https:\/\/dag.uksw.edu.pl\/pl\/wp-json\/wp\/v2\/pages\/4004\/revisions\/4750"}],"up":[{"embeddable":true,"href":"https:\/\/dag.uksw.edu.pl\/pl\/wp-json\/wp\/v2\/pages\/4002"}],"wp:attachment":[{"href":"https:\/\/dag.uksw.edu.pl\/pl\/wp-json\/wp\/v2\/media?parent=4004"}],"curies":[{"name":"wp","href":"https:\/\/api.w.org\/{rel}","templated":true}]}}