{"id":4003,"date":"2022-11-10T09:59:58","date_gmt":"2022-11-10T08:59:58","guid":{"rendered":"https:\/\/jednostki.uksw.edu.pl\/dag\/wynajem\/rezerwacja-sal-dydaktycznych-i-konferencyjnych\/"},"modified":"2025-05-21T11:57:40","modified_gmt":"2025-05-21T09:57:40","slug":"rezerwacja-sal-dydaktycznych-i-konferencyjnych","status":"publish","type":"page","link":"https:\/\/dag.uksw.edu.pl\/wynajem\/rezerwacja-sal-dydaktycznych-i-konferencyjnych\/","title":{"rendered":"Rezerwacja sal dydaktycznych i konferencyjnych"},"content":{"rendered":"\n<p>Rezerwacja sal konferencyjnych podmiotom zewn\u0119trznym w celu przeprowadzenia szkole\u0144, konferencji, seminari\u00f3w, spotka\u0144 biznesowych, warsztat\u00f3w lub kurs\u00f3w.<\/p>\n\n\n\n<p>Aby zarezerwowa\u0107 sal\u0119 konferencyjn\u0105 lub dydaktyczn\u0105 nale\u017cy:<\/p>\n\n\n\n<p>1) zapozna\u0107 si\u0119 z&nbsp;cennikiem op\u0142at za udost\u0119pnienie obiekt\u00f3w UKSW,<\/p>\n\n\n\r\n<div class=\"\">\r\n\r\n\r\n<div class=\"row\">\r\n\r\n  \r\n<div class=\"col-xl-12 col-lg-12 col-md-12 col-sm-12 \">\r\n\t\t<div class=\"download_detils\">\r\n\t\t\t<a href=\"https:\/\/dag.uksw.edu.pl\/wp-content\/uploads\/sites\/19\/2025\/03\/1741875859_zal-1.pdf\"  title=\"Cennik op\u0142at \" download >\r\n\t\t\t<img decoding=\"async\" src=\"https:\/\/dag.uksw.edu.pl\/wp-content\/themes\/uksw\/images\/import.svg\" alt=\"\"> Cennik op\u0142at  [PDF,  0.22 MB]<\/a>\r\n\t\t<\/div>\r\n<\/div>\r\n\r\n\r\n\t\t\r\n\t\t \r\n\r\n<\/div>\r\n<\/div>\r\n<div class=\"space20\"><\/div>\r\n\r\n\n\n\n<p>2) zapozna\u0107 si\u0119 z Decyzj\u0105 Kanclerza UKSW nr 19\/2023 z dnia 22 lutego 2023 r. w sprawie stawek za udost\u0119pnianie pomieszcze\u0144 i obs\u0142ugi administracyjnej na potrzeby realizacji projekt\u00f3w<\/p>\n\n\n\r\n<div class=\"\">\r\n\r\n\r\n<div class=\"row\">\r\n\r\n  \r\n<div class=\"col-xl-12 col-lg-12 col-md-12 col-sm-12 \">\r\n\t\t<div class=\"download_detils\">\r\n\t\t\t<a href=\"https:\/\/dag.uksw.edu.pl\/wp-content\/uploads\/sites\/19\/2023\/03\/DECYZJA_1677145939_d-19-20231.pdf\"  title=\"stawki na potrzeby realizacji projekt\u00f3w\" download >\r\n\t\t\t<img decoding=\"async\" src=\"https:\/\/dag.uksw.edu.pl\/wp-content\/themes\/uksw\/images\/import.svg\" alt=\"\"> stawki na potrzeby realizacji projekt\u00f3w [PDF,  0.12 MB]<\/a>\r\n\t\t<\/div>\r\n<\/div>\r\n\r\n\r\n\t\t\r\n\t\t \r\n\r\n<\/div>\r\n<\/div>\r\n<div class=\"space20\"><\/div>\r\n\r\n\n\n\n<p>3) wype\u0142ni\u0107 elektroniczny&nbsp;<a href=\"http:\/\/wydarzenia.uksw.edu.pl\/\">formularz o udost\u0119pnienie lokalu\/powierzchni<\/a>&nbsp;w obiektach UKSW.<\/p>\n\n\n\n<div style=\"height:20px\" aria-hidden=\"true\" class=\"wp-block-spacer\"><\/div>\n\n\n\n<h2 class=\"wp-block-heading\">Osoby do kontaktu<\/h2>\n\n\n\n<h3 class=\"wp-block-heading\">Kampus Dewajtis<\/h3>\n\n\n\r\n<div class=\"\">\r\n\r\n<div class=\"row\">\r\n\r\n  \r\n\r\n\r\n     <div class=\"col-xl-6 col-lg-6 col-md-12 col-sm-12 project\">\r\n\t\t\t<div class=\"contact_box project_box\">\r\n\t\t\t<div class=\"headingh2\">Dorota Stefa\u0144ska<\/div>\r\n\t\t\t<div class=\"headingh3\">Rezerwacja sal<\/div><br>\r\n\r\n\r\n\t\t\t<p>Nowy Gmach, pok. 31<br \/>\ne-mail: <a href=\"mailto:d.stefanska@uksw.edu.pl\">d.stefanska@uksw.edu.pl<\/a><br \/>\ntel. kom. 512-314-837<br \/>\ntel. 22-561 89 32, wew. 332<\/p>\n\t\t\t<\/div>\r\n    <\/div>\r\n\r\n\t\r\n\r\n\r\n     <div class=\"col-xl-6 col-lg-6 col-md-12 col-sm-12 project\">\r\n\t\t\t<div class=\"contact_box project_box\">\r\n\t\t\t<div class=\"headingh2\">Danuta Zaremba<\/div>\r\n\t\t\t<div class=\"headingh3\">Rezerwacja sal i rozliczanie nale\u017cno\u015bci<\/div><br>\r\n\r\n\r\n\t\t\t<p>Stary Gmach, pok. 28<br \/>\ne-mail: <a href=\"mailto:d.zaremba@uksw.edu.pl\">d.zaremba@uksw.edu.pl<\/a><br \/>\ntel. 22 561 88 88, wew. 288<\/p>\n\t\t\t<\/div>\r\n    <\/div>\r\n\r\n\t\r\n\t \r\n\r\n\r\n<\/div>\r\n  \r\n<\/div>\r\n\n\n\n<hr class=\"wp-block-separator has-alpha-channel-opacity is-style-wide\" \/>\n\n\n\n<div style=\"height:20px\" aria-hidden=\"true\" class=\"wp-block-spacer\"><\/div>\n\n\n\n<h3 class=\"wp-block-heading\">Kampus W\u00f3ycickiego<\/h3>\n\n\n\r\n<div class=\"\">\r\n\r\n<div class=\"row\">\r\n\r\n  \r\n\r\n\r\n     <div class=\"col-xl-12 col-lg-6 col-md-12 col-sm-12 project\">\r\n\t\t\t<div class=\"contact_box project_box\">\r\n\t\t\t<div class=\"headingh2\">Edyta Nowakowska<\/div>\r\n\t\t\t<div class=\"headingh3\">Rezerwacja sal<\/div><br>\r\n\r\n\r\n\t\t\t<p>Budynek nr 21, pok. 020<br \/>\ne-mail:\u00a0 <a href=\"mailto:e.nowakowska@uksw.edu.pl\">e.nowakowska@uksw.edu.pl<\/a><br \/>\ntel. kom. 507-098 -541<br \/>\ntel. 22-569 96 60, wew. 660<\/p>\n\t\t\t<\/div>\r\n    <\/div>\r\n\r\n\t\r\n\t \r\n\r\n\r\n<\/div>\r\n  \r\n<\/div>\r\n\n\n\n<p>lub poczt\u0105 na adres:<\/p>\n\n\n\n<p>Uniwersytet Kardyna\u0142a Stefana Wyszy\u0144skiego w Warszawie<br>ul. Dewajtis 5<br>01-815 Warszawa<br>z dopiskiem: pok\u00f3j nr 28<\/p>\n\n\n\n<div style=\"height:20px\" aria-hidden=\"true\" class=\"wp-block-spacer\"><\/div>\n\n\n\r\n<div class=\"\">\r\n\r\n<div class=\"page_heading\"> <img decoding=\"async\" src=\"https:\/\/dag.uksw.edu.pl\/wp-content\/themes\/uksw\/images\/note-2_white.svg\" alt=\"\"> Wybierz interesuj\u0105cy Ci\u0119 dzia\u0142:<\/div>\r\n<div class=\"candidate_box_sec\">\r\n<div class=\"row\">\r\n\r\n        \r\n                               \r\n                            <div class=\"col-xl-4 col-lg-6 col-md-12 col-sm-12 \">\r\n                                <a href=\"http:\/\/srs.uksw.edu.pl\/\" target='_blank' class=\"project\" >\r\n                                    <div class=\"candidate_box project_box\">\r\n                                        <div class=\"candidate_box_title\">System<\/div>\r\n                                                                                <div class=\"candidate_box_sub_title\">rezerwacji sal (SRS)<\/div>\r\n                                                                                <img decoding=\"async\" src=\"https:\/\/dag.uksw.edu.pl\/wp-content\/themes\/uksw\/images\/arrow_more1.svg\" alt=\"\">  \r\n                                    <\/div>\r\n                                <\/a>   \r\n                            <\/div>\r\n                     \r\n\r\n                         \r\n                            \r\n                            <div class=\"col-xl-4 col-lg-6 col-md-12 col-sm-12 \">\r\n                                <a href=\"https:\/\/sale.srs.uksw.edu.pl\/\" target='_blank' class=\"project\" >\r\n                                    <div class=\"candidate_box project_box\">\r\n                                        <div class=\"candidate_box_title\">Podgl\u0105d<\/div>\r\n                                                                                <div class=\"candidate_box_sub_title\">zaj\u0119to\u015bci sal<\/div>\r\n                                                                                <img decoding=\"async\" src=\"https:\/\/dag.uksw.edu.pl\/wp-content\/themes\/uksw\/images\/arrow_more1.svg\" alt=\"\">  \r\n                                    <\/div>\r\n                                <\/a>   \r\n                            <\/div>\r\n                     \r\n\r\n                         \r\n                            <\/div>\r\n<\/div>\r\n\r\n<\/div>","protected":false},"excerpt":{"rendered":"<p>Rezerwacja sal konferencyjnych podmiotom zewn\u0119trznym w celu przeprowadzenia szkole\u0144, konferencji, seminari\u00f3w, spotka\u0144 biznesowych, warsztat\u00f3w lub kurs\u00f3w. Aby zarezerwowa\u0107 sal\u0119 konferencyjn\u0105 lub dydaktyczn\u0105 nale\u017cy: 1) zapozna\u0107 si\u0119 z&nbsp;cennikiem op\u0142at za udost\u0119pnienie obiekt\u00f3w UKSW, 2) zapozna\u0107 si\u0119 z Decyzj\u0105 Kanclerza UKSW nr 19\/2023 z dnia 22 lutego 2023 r. w sprawie stawek za udost\u0119pnianie pomieszcze\u0144 i obs\u0142ugi [&hellip;]<\/p>\n","protected":false},"author":1,"featured_media":0,"parent":4002,"menu_order":3,"comment_status":"closed","ping_status":"closed","template":"page-templates\/template-sub-page.php","meta":{"_acf_changed":false,"inline_featured_image":false,"footnotes":"","_links_to":"","_links_to_target":""},"class_list":["post-4003","page","type-page","status-publish","hentry"],"acf":[],"_links":{"self":[{"href":"https:\/\/dag.uksw.edu.pl\/pl\/wp-json\/wp\/v2\/pages\/4003","targetHints":{"allow":["GET"]}}],"collection":[{"href":"https:\/\/dag.uksw.edu.pl\/pl\/wp-json\/wp\/v2\/pages"}],"about":[{"href":"https:\/\/dag.uksw.edu.pl\/pl\/wp-json\/wp\/v2\/types\/page"}],"author":[{"embeddable":true,"href":"https:\/\/dag.uksw.edu.pl\/pl\/wp-json\/wp\/v2\/users\/1"}],"replies":[{"embeddable":true,"href":"https:\/\/dag.uksw.edu.pl\/pl\/wp-json\/wp\/v2\/comments?post=4003"}],"version-history":[{"count":25,"href":"https:\/\/dag.uksw.edu.pl\/pl\/wp-json\/wp\/v2\/pages\/4003\/revisions"}],"predecessor-version":[{"id":5236,"href":"https:\/\/dag.uksw.edu.pl\/pl\/wp-json\/wp\/v2\/pages\/4003\/revisions\/5236"}],"up":[{"embeddable":true,"href":"https:\/\/dag.uksw.edu.pl\/pl\/wp-json\/wp\/v2\/pages\/4002"}],"wp:attachment":[{"href":"https:\/\/dag.uksw.edu.pl\/pl\/wp-json\/wp\/v2\/media?parent=4003"}],"curies":[{"name":"wp","href":"https:\/\/api.w.org\/{rel}","templated":true}]}}