{"id":3359,"date":"2022-08-05T10:07:59","date_gmt":"2022-08-05T08:07:59","guid":{"rendered":"https:\/\/jednostki.uksw.edu.pl\/wfch\/?page_id=28"},"modified":"2022-11-10T14:14:47","modified_gmt":"2022-11-10T13:14:47","slug":"zglos-zagrozenie-awarie","status":"publish","type":"page","link":"https:\/\/dag.uksw.edu.pl\/zglos-zagrozenie-awarie\/","title":{"rendered":"Zg\u0142o\u015b zagro\u017cenie\/awari\u0119"},"content":{"rendered":"\n<p>Korzystanie ze strony oznacza zgod\u0119 na przetwarzanie danych osobowych<\/p>\n\n\n\r\n<div class=\"\">\r\n\r\n<div class=\"page_heading\"> <img decoding=\"async\" src=\"https:\/\/dag.uksw.edu.pl\/wp-content\/themes\/uksw\/images\/note-2_white.svg\" alt=\"\"> Przeczytaj wi\u0119cej:<\/div>\r\n<div class=\"candidate_box_sec\">\r\n<div class=\"row\">\r\n\r\n        \r\n                               \r\n                            <div class=\"col-xl-6 col-lg-6 col-md-12 col-sm-12 \">\r\n                                <a href=\"https:\/\/uksw.edu.pl\/uniwersytet\/ochrona-danych-osobowych\/\"  class=\"project\" >\r\n                                    <div class=\"candidate_box project_box\">\r\n                                        <div class=\"candidate_box_title\">Informacja<\/div>\r\n                                                                                <div class=\"candidate_box_sub_title\">o ochronie danych osobowych (RODO)<\/div>\r\n                                                                                <img decoding=\"async\" src=\"https:\/\/dag.uksw.edu.pl\/wp-content\/themes\/uksw\/images\/arrow_more1.svg\" alt=\"\">  \r\n                                    <\/div>\r\n                                <\/a>   \r\n                            <\/div>\r\n                     \r\n\r\n                         \r\n                            <\/div>\r\n<\/div>\r\n\r\n<\/div>\n\n\n<p>Je\u015bli jeste\u015b \u015bwiadkiem:<\/p>\n\n\n\n<ul class=\"wp-block-list\">\n<li>wyst\u0105pienia sytuacji bezpo\u015bredniego zagro\u017cenia dla zdrowia lub \u017cycia\\<\/li>\n\n\n\n<li>zaistnienia awarii na terenie uczelni<\/li>\n<\/ul>\n\n\n\n<p>wype\u0142nij poni\u017cszy formularz lub wy\u015blij zg\u0142oszenie na adres:&nbsp;<a href=\"mailto:bezpieczenstwo@uksw.edu.pl?subject=zg%C5%82oszenie%20zagro%C5%BCenia\">bezpieczenstwo@uksw.edu.pl<\/a><\/p>\n\n\n\r\n<div class=\"\">\r\n\r\n\r\n<div class=\"contact_grey\">\r\n\r\n\n<div class=\"wpcf7 no-js\" id=\"wpcf7-f4197-o1\" lang=\"pl-PL\" dir=\"ltr\" data-wpcf7-id=\"4197\">\n<div class=\"screen-reader-response\"><p role=\"status\" aria-live=\"polite\" aria-atomic=\"true\"><\/p> <ul><\/ul><\/div>\n<form action=\"\/pl\/wp-json\/wp\/v2\/pages\/3359#wpcf7-f4197-o1\" method=\"post\" class=\"wpcf7-form init\" aria-label=\"Formularz kontaktowy\" novalidate=\"novalidate\" data-status=\"init\">\n<div style=\"display: none;\">\n<input type=\"hidden\" name=\"_wpcf7\" value=\"4197\" \/>\n<input type=\"hidden\" name=\"_wpcf7_version\" value=\"6.0.6\" \/>\n<input type=\"hidden\" name=\"_wpcf7_locale\" value=\"pl_PL\" \/>\n<input type=\"hidden\" name=\"_wpcf7_unit_tag\" value=\"wpcf7-f4197-o1\" \/>\n<input type=\"hidden\" name=\"_wpcf7_container_post\" value=\"0\" \/>\n<input type=\"hidden\" name=\"_wpcf7_posted_data_hash\" value=\"\" \/>\n<\/div>\n<h2>Formularz zg\u0142oszenia awarii lub zagro\u017cenia bezpiecze\u0144stwa<\/h2>\n<p>Pola oznaczone <b>symbolem gwiazdki *<\/b> wymagaj\u0105 uzupe\u0142nienia.<\/p>\n\n<div class=\"row\">\n        <div class=\"col-xxl-6 col-xl-6 col-lg-6 col-md-12 col-sm-12\">\n            <div class=\"mb-4\">\n                <label for=\"name-surname\" class=\"sr-only\">Wpisz swoje imi\u0119 i nazwisko<\/label>\n                <span class=\"wpcf7-form-control-wrap\" data-name=\"name-surname\"><input size=\"40\" maxlength=\"400\" class=\"wpcf7-form-control wpcf7-text wpcf7-validates-as-required form-control\" id=\"name-surname\" aria-required=\"true\" aria-invalid=\"false\" placeholder=\"Imi\u0119 i nazwisko *\" value=\"\" type=\"text\" name=\"name-surname\" \/><\/span>\n            <\/div>\n        <\/div>\n     <\/div>\n\n<div class=\"row\">\n        <div class=\"col-xxl-6 col-xl-6 col-lg-6 col-md-12 col-sm-12\">\n            <div class=\"mb-4\">\n                <label for=\"email\" class=\"sr-only\">Wpisz sw\u00f3j adres e-mail<\/label>\n                <span class=\"wpcf7-form-control-wrap\" data-name=\"email\"><input size=\"40\" maxlength=\"400\" class=\"wpcf7-form-control wpcf7-email wpcf7-validates-as-required wpcf7-text wpcf7-validates-as-email form-control\" id=\"email\" aria-required=\"true\" aria-invalid=\"false\" placeholder=\"Adres e-mail *\" value=\"\" type=\"email\" name=\"email\" \/><\/span>\n            <\/div>\n        <\/div>\n     <\/div>\n\n<div class=\"row\">\n        <div class=\"col-xxl-6 col-xl-6 col-lg-6 col-md-12 col-sm-12\">\n            <div class=\"mb-4\">\n                <label for=\"tel\" class=\"sr-only\">Wpisz sw\u00f3j numer telefonu<\/label>\n                <span class=\"wpcf7-form-control-wrap\" data-name=\"tel\"><input size=\"40\" maxlength=\"400\" class=\"wpcf7-form-control wpcf7-text wpcf7-validates-as-required form-control\" id=\"tel\" aria-required=\"true\" aria-invalid=\"false\" placeholder=\"Numer telefonu *\" value=\"\" type=\"text\" name=\"tel\" \/><\/span>\n            <\/div>\n        <\/div>\n     <\/div>\n\n<div class=\"row\">\n        <div class=\"col-xxl-6 col-xl-6 col-lg-6 col-md-12 col-sm-12\">\n            <div class=\"mb-4\">\n                <label for=\"unit\" class=\"sr-only\">Wpisz Jednostk\u0119 UKSW lub nazw\u0119 Wydzia\u0142u: *<\/label>\n                <span class=\"wpcf7-form-control-wrap\" data-name=\"unit\"><input size=\"40\" maxlength=\"400\" class=\"wpcf7-form-control wpcf7-text wpcf7-validates-as-required form-control\" id=\"unit\" aria-required=\"true\" aria-invalid=\"false\" placeholder=\"Jednostka UKSW (w przypadku studenta nazwa Wydzia\u0142u) *\" value=\"\" type=\"text\" name=\"unit\" \/><\/span>\n            <\/div>\n        <\/div>\n     <\/div>\n\n    <div class=\"row\">\n        <div class=\"col-xxl-6 col-xl-6 col-lg-6 col-md-12 col-sm-12\">\n            <div class=\"mb-4\">\n                <fieldset>\n                <legend class=\"sr-only\">\n                <\/legend>\n                <label>Czego dotyczy:<\/label>\n                <span class=\"wpcf7-form-control-wrap\" data-name=\"topic\"><span class=\"wpcf7-form-control wpcf7-radio\"><span class=\"wpcf7-list-item first\"><label><input type=\"radio\" name=\"topic\" value=\"Zagro\u017cenie bezpiecze\u0144stwa\" checked=\"checked\" \/><span class=\"wpcf7-list-item-label\">Zagro\u017cenie bezpiecze\u0144stwa<\/span><\/label><\/span><span class=\"wpcf7-list-item last\"><label><input type=\"radio\" name=\"topic\" value=\"Awaria\" \/><span class=\"wpcf7-list-item-label\">Awaria<\/span><\/label><\/span><\/span><\/span>\n                <\/fieldset>\n            <\/div>\n        <\/div>\n    <\/div>\n\n    <div class=\"row\">\n        <div class=\"col-xxl-6 col-xl-6 col-lg-6 col-md-12 col-sm-12\">\n            <div class=\"mb-4\">\n                <label for=\"description\" class=\"sr-only\">Opis *<\/label>\n                <span class=\"wpcf7-form-control-wrap\" data-name=\"description\"><textarea cols=\"40\" rows=\"10\" maxlength=\"2000\" class=\"wpcf7-form-control wpcf7-textarea wpcf7-validates-as-required form-control\" id=\"description\" aria-required=\"true\" aria-invalid=\"false\" placeholder=\"Opis\" name=\"description\"><\/textarea><\/span>    \n            <\/div>\n        <\/div>\n    <\/div>\n\n<div class=\"mb-4\">\n  <div class=\"form-check\">\n    <span class=\"wpcf7-form-control-wrap\" data-name=\"rodo-cb\"><span class=\"wpcf7-form-control wpcf7-checkbox wpcf7-validates-as-required\" id=\"rodo-cb\"><span class=\"wpcf7-list-item first last\"><label><input type=\"checkbox\" name=\"rodo-cb[]\" value=\"* Wyra\u017cam zgod\u0119 na przetwarzanie moich danych osobowych przez Uniwersytet Kardyna\u0142a Stefana Wyszy\u0144skiego w Warszawie w zakresie celu tego formularza.\" \/><span class=\"wpcf7-list-item-label\">* Wyra\u017cam zgod\u0119 na przetwarzanie moich danych osobowych przez Uniwersytet Kardyna\u0142a Stefana Wyszy\u0144skiego w Warszawie w zakresie celu tego formularza.<\/span><\/label><\/span><\/span><\/span>\n  <\/div>\n<\/div>\n\n    <div>\n        <button class=\"but_send\" title=\"Kliknij, aby przes\u0142a\u0107 formularz\" type=\"submit\">Wy\u015blij<\/button>\n    <\/div><div class=\"wpcf7-response-output\" aria-hidden=\"true\"><\/div>\n<\/form>\n<\/div>\n\r\n<\/div>\r\n\r\n\r\n<\/div>","protected":false},"excerpt":{"rendered":"<p>Korzystanie ze strony oznacza zgod\u0119 na przetwarzanie danych osobowych Je\u015bli jeste\u015b \u015bwiadkiem: wype\u0142nij poni\u017cszy formularz lub wy\u015blij zg\u0142oszenie na adres:&nbsp;bezpieczenstwo@uksw.edu.pl<\/p>\n","protected":false},"author":7,"featured_media":0,"parent":0,"menu_order":0,"comment_status":"closed","ping_status":"closed","template":"page-templates\/template-sub-page.php","meta":{"_acf_changed":false,"inline_featured_image":false,"footnotes":"","_links_to":"","_links_to_target":""},"class_list":["post-3359","page","type-page","status-publish","hentry"],"acf":[],"_links":{"self":[{"href":"https:\/\/dag.uksw.edu.pl\/pl\/wp-json\/wp\/v2\/pages\/3359","targetHints":{"allow":["GET"]}}],"collection":[{"href":"https:\/\/dag.uksw.edu.pl\/pl\/wp-json\/wp\/v2\/pages"}],"about":[{"href":"https:\/\/dag.uksw.edu.pl\/pl\/wp-json\/wp\/v2\/types\/page"}],"author":[{"embeddable":true,"href":"https:\/\/dag.uksw.edu.pl\/pl\/wp-json\/wp\/v2\/users\/7"}],"replies":[{"embeddable":true,"href":"https:\/\/dag.uksw.edu.pl\/pl\/wp-json\/wp\/v2\/comments?post=3359"}],"version-history":[{"count":11,"href":"https:\/\/dag.uksw.edu.pl\/pl\/wp-json\/wp\/v2\/pages\/3359\/revisions"}],"predecessor-version":[{"id":4234,"href":"https:\/\/dag.uksw.edu.pl\/pl\/wp-json\/wp\/v2\/pages\/3359\/revisions\/4234"}],"wp:attachment":[{"href":"https:\/\/dag.uksw.edu.pl\/pl\/wp-json\/wp\/v2\/media?parent=3359"}],"curies":[{"name":"wp","href":"https:\/\/api.w.org\/{rel}","templated":true}]}}